{"id":665,"date":"2023-09-04T00:23:52","date_gmt":"2023-09-04T03:23:52","guid":{"rendered":"https:\/\/www.planave.com\/novo\/?page_id=665"},"modified":"2025-05-03T16:34:53","modified_gmt":"2025-05-03T19:34:53","slug":"relatorios-e-balancos","status":"publish","type":"page","link":"https:\/\/www.planave.com\/novo\/relatorios-e-balancos\/","title":{"rendered":"Relat\u00f3rios e Balan\u00e7os"},"content":{"rendered":"\t\t<div data-elementor-type=\"wp-page\" data-elementor-id=\"665\" class=\"elementor elementor-665\">\n\t\t\t\t\t\t\t<div class=\"elementor-element elementor-element-c7cf33c e-flex e-con-boxed e-con e-parent\" data-id=\"c7cf33c\" data-element_type=\"container\" data-settings=\"{&quot;background_background&quot;:&quot;classic&quot;,&quot;content_width&quot;:&quot;boxed&quot;}\" data-core-v316-plus=\"true\">\n\t\t\t\t\t<div class=\"e-con-inner\">\n\t\t\t\t\t<\/div>\n\t\t\t\t<\/div>\n\t\t<div class=\"elementor-element elementor-element-7ac16ff e-flex e-con-boxed e-con e-parent\" data-id=\"7ac16ff\" data-element_type=\"container\" data-settings=\"{&quot;content_width&quot;:&quot;boxed&quot;}\" data-core-v316-plus=\"true\">\n\t\t\t\t\t<div class=\"e-con-inner\">\n\t\t\t\t\t<\/div>\n\t\t\t\t<\/div>\n\t\t<div class=\"elementor-element elementor-element-75a0e5e e-flex e-con-boxed e-con e-parent\" data-id=\"75a0e5e\" data-element_type=\"container\" data-settings=\"{&quot;content_width&quot;:&quot;boxed&quot;}\" data-core-v316-plus=\"true\">\n\t\t\t\t\t<div class=\"e-con-inner\">\n\t\t<div class=\"elementor-element elementor-element-e646038 e-flex e-con-boxed e-con e-child\" data-id=\"e646038\" data-element_type=\"container\" data-settings=\"{&quot;background_background&quot;:&quot;classic&quot;,&quot;content_width&quot;:&quot;boxed&quot;}\">\n\t\t\t\t\t<div class=\"e-con-inner\">\n\t\t\t\t<div class=\"elementor-element elementor-element-3768754 elementor-widget elementor-widget-heading\" data-id=\"3768754\" data-element_type=\"widget\" data-widget_type=\"heading.default\">\n\t\t\t\t<div class=\"elementor-widget-container\">\n\t\t\t<style>\/*! elementor - v3.16.0 - 20-09-2023 *\/\n.elementor-heading-title{padding:0;margin:0;line-height:1}.elementor-widget-heading .elementor-heading-title[class*=elementor-size-]>a{color:inherit;font-size:inherit;line-height:inherit}.elementor-widget-heading .elementor-heading-title.elementor-size-small{font-size:15px}.elementor-widget-heading .elementor-heading-title.elementor-size-medium{font-size:19px}.elementor-widget-heading .elementor-heading-title.elementor-size-large{font-size:29px}.elementor-widget-heading .elementor-heading-title.elementor-size-xl{font-size:39px}.elementor-widget-heading .elementor-heading-title.elementor-size-xxl{font-size:59px}<\/style><h1 class=\"elementor-heading-title elementor-size-default\">RELAT\u00d3RIOS E BALAN\u00c7OS<\/h1>\t\t<\/div>\n\t\t\t\t<\/div>\n\t\t<div class=\"elementor-element elementor-element-85b2f4a e-flex e-con-boxed e-con e-child\" data-id=\"85b2f4a\" data-element_type=\"container\" data-settings=\"{&quot;content_width&quot;:&quot;boxed&quot;}\">\n\t\t\t\t\t<div class=\"e-con-inner\">\n\t\t<div class=\"elementor-element elementor-element-9a59d99 e-con-full e-flex e-con e-child\" data-id=\"9a59d99\" data-element_type=\"container\" data-settings=\"{&quot;content_width&quot;:&quot;full&quot;,&quot;background_background&quot;:&quot;classic&quot;}\">\n\t\t\t\t<div class=\"elementor-element elementor-element-0a45452 elementor-widget elementor-widget-image\" data-id=\"0a45452\" data-element_type=\"widget\" data-widget_type=\"image.default\">\n\t\t\t\t<div class=\"elementor-widget-container\">\n\t\t\t<style>\/*! elementor - v3.16.0 - 20-09-2023 *\/\n.elementor-widget-image{text-align:center}.elementor-widget-image a{display:inline-block}.elementor-widget-image a img[src$=\".svg\"]{width:48px}.elementor-widget-image img{vertical-align:middle;display:inline-block}<\/style>\t\t\t\t\t\t\t\t\t\t\t\t\t<a href=\"http:\/\/www.planave.com\/novo\/wp-content\/uploads\/sites\/3\/2025\/05\/iot_sensor_arcthecture.pdf\" target=\"_blank\">\n\t\t\t\t\t\t\t<img loading=\"lazy\" decoding=\"async\" width=\"505\" height=\"510\" src=\"https:\/\/www.planave.com\/novo\/wp-content\/uploads\/sites\/3\/2024\/01\/engdigitalvisao.png\" class=\"attachment-large size-large wp-image-1978\" alt=\"\" srcset=\"https:\/\/www.planave.com\/novo\/wp-content\/uploads\/sites\/3\/2024\/01\/engdigitalvisao.png 505w, https:\/\/www.planave.com\/novo\/wp-content\/uploads\/sites\/3\/2024\/01\/engdigitalvisao-297x300.png 297w, https:\/\/www.planave.com\/novo\/wp-content\/uploads\/sites\/3\/2024\/01\/engdigitalvisao-150x150.png 150w\" sizes=\"auto, (max-width: 505px) 100vw, 505px\" \/>\t\t\t\t\t\t\t\t<\/a>\n\t\t\t\t\t\t\t\t\t\t\t\t\t\t\t<\/div>\n\t\t\t\t<\/div>\n\t\t\t\t<div class=\"elementor-element elementor-element-aca5a67 elementor-widget elementor-widget-heading\" data-id=\"aca5a67\" data-element_type=\"widget\" data-widget_type=\"heading.default\">\n\t\t\t\t<div class=\"elementor-widget-container\">\n\t\t\t<h2 class=\"elementor-heading-title elementor-size-default\">Demonstra\u00e7\u00e3o financeira (2024)<\/h2>\t\t<\/div>\n\t\t\t\t<\/div>\n\t\t\t\t<div class=\"elementor-element elementor-element-8278304 elementor-widget elementor-widget-text-editor\" data-id=\"8278304\" data-element_type=\"widget\" data-widget_type=\"text-editor.default\">\n\t\t\t\t<div class=\"elementor-widget-container\">\n\t\t\t<style>\/*! elementor - v3.16.0 - 20-09-2023 *\/\n.elementor-widget-text-editor.elementor-drop-cap-view-stacked .elementor-drop-cap{background-color:#69727d;color:#fff}.elementor-widget-text-editor.elementor-drop-cap-view-framed .elementor-drop-cap{color:#69727d;border:3px solid;background-color:transparent}.elementor-widget-text-editor:not(.elementor-drop-cap-view-default) .elementor-drop-cap{margin-top:8px}.elementor-widget-text-editor:not(.elementor-drop-cap-view-default) .elementor-drop-cap-letter{width:1em;height:1em}.elementor-widget-text-editor .elementor-drop-cap{float:left;text-align:center;line-height:1;font-size:50px}.elementor-widget-text-editor .elementor-drop-cap-letter{display:inline-block}<\/style>\t\t\t\t<p>Senhores Acionistas: A Planave no cumprimento dos dispositivos Legais e Estatut\u00e1rios, vem submeter \u00e0 aprecia\u00e7\u00e3o de V.Sas., o Balan\u00e7o Patrimonial, as Demonstra\u00e7\u00f5es Financeiras e o Relat\u00f3rio dos Auditores Independentes, relativo ao exerc\u00edcio encerrado em 31 de Dezembro de 2024.<\/p>\t\t\t\t\t\t<\/div>\n\t\t\t\t<\/div>\n\t\t\t\t<\/div>\n\t\t<div class=\"elementor-element elementor-element-972f7f6 e-con-full e-flex e-con e-child\" data-id=\"972f7f6\" data-element_type=\"container\" data-settings=\"{&quot;content_width&quot;:&quot;full&quot;,&quot;background_background&quot;:&quot;classic&quot;}\">\n\t\t\t\t<div class=\"elementor-element elementor-element-eafde3f elementor-widget elementor-widget-image\" data-id=\"eafde3f\" data-element_type=\"widget\" data-widget_type=\"image.default\">\n\t\t\t\t<div class=\"elementor-widget-container\">\n\t\t\t\t\t\t\t\t\t\t\t\t\t\t\t\t<a href=\"http:\/\/www.planave.com\/novo\/wp-content\/uploads\/sites\/3\/2025\/05\/iot_sensor_arcthecture.pdf\" target=\"_blank\">\n\t\t\t\t\t\t\t<img loading=\"lazy\" decoding=\"async\" width=\"505\" height=\"510\" src=\"https:\/\/www.planave.com\/novo\/wp-content\/uploads\/sites\/3\/2024\/01\/gerenciamentoquipe.png\" class=\"attachment-large size-large wp-image-1979\" alt=\"\" srcset=\"https:\/\/www.planave.com\/novo\/wp-content\/uploads\/sites\/3\/2024\/01\/gerenciamentoquipe.png 505w, https:\/\/www.planave.com\/novo\/wp-content\/uploads\/sites\/3\/2024\/01\/gerenciamentoquipe-297x300.png 297w, https:\/\/www.planave.com\/novo\/wp-content\/uploads\/sites\/3\/2024\/01\/gerenciamentoquipe-150x150.png 150w\" sizes=\"auto, (max-width: 505px) 100vw, 505px\" \/>\t\t\t\t\t\t\t\t<\/a>\n\t\t\t\t\t\t\t\t\t\t\t\t\t\t\t<\/div>\n\t\t\t\t<\/div>\n\t\t\t\t<div class=\"elementor-element elementor-element-5040945 elementor-widget elementor-widget-heading\" data-id=\"5040945\" data-element_type=\"widget\" data-widget_type=\"heading.default\">\n\t\t\t\t<div class=\"elementor-widget-container\">\n\t\t\t<h2 class=\"elementor-heading-title elementor-size-default\">Demonstra\u00e7\u00e3o financeira (2023)<\/h2>\t\t<\/div>\n\t\t\t\t<\/div>\n\t\t\t\t<div class=\"elementor-element elementor-element-0441977 elementor-widget elementor-widget-text-editor\" data-id=\"0441977\" data-element_type=\"widget\" data-widget_type=\"text-editor.default\">\n\t\t\t\t<div class=\"elementor-widget-container\">\n\t\t\t\t\t\t\t<p>Senhores Acionistas: A Planave no cumprimento dos dispositivos Legais e Estatut\u00e1rios, vem submeter \u00e0 aprecia\u00e7\u00e3o de V.Sas., o Balan\u00e7o Patrimonial e as Demonstra\u00e7\u00f5es Financeiras, relativo ao exerc\u00edcio encerrado em 31 de Dezembro de 2023.<\/p>\t\t\t\t\t\t<\/div>\n\t\t\t\t<\/div>\n\t\t\t\t<\/div>\n\t\t\t\t\t<\/div>\n\t\t\t\t<\/div>\n\t\t<div class=\"elementor-element elementor-element-79d5a95 e-flex e-con-boxed e-con e-child\" data-id=\"79d5a95\" data-element_type=\"container\" data-settings=\"{&quot;content_width&quot;:&quot;boxed&quot;}\">\n\t\t\t\t\t<div class=\"e-con-inner\">\n\t\t<div class=\"elementor-element elementor-element-7fa83a0 e-con-full e-flex e-con e-child\" data-id=\"7fa83a0\" data-element_type=\"container\" data-settings=\"{&quot;content_width&quot;:&quot;full&quot;,&quot;background_background&quot;:&quot;classic&quot;}\">\n\t\t\t\t<div class=\"elementor-element elementor-element-e4e14dd elementor-widget elementor-widget-image\" data-id=\"e4e14dd\" data-element_type=\"widget\" data-widget_type=\"image.default\">\n\t\t\t\t<div class=\"elementor-widget-container\">\n\t\t\t\t\t\t\t\t\t\t\t\t\t\t\t\t<a href=\"https:\/\/www.planave.com\/wp-content\/uploads\/2022\/09\/Balanco2021.pdf\" target=\"_blank\">\n\t\t\t\t\t\t\t<img loading=\"lazy\" decoding=\"async\" width=\"665\" height=\"1024\" src=\"https:\/\/www.planave.com\/novo\/wp-content\/uploads\/sites\/3\/2023\/09\/Balanco2020-665x1024-1.jpg\" class=\"attachment-large size-large wp-image-667\" alt=\"\" srcset=\"https:\/\/www.planave.com\/novo\/wp-content\/uploads\/sites\/3\/2023\/09\/Balanco2020-665x1024-1.jpg 665w, https:\/\/www.planave.com\/novo\/wp-content\/uploads\/sites\/3\/2023\/09\/Balanco2020-665x1024-1-195x300.jpg 195w\" sizes=\"auto, (max-width: 665px) 100vw, 665px\" \/>\t\t\t\t\t\t\t\t<\/a>\n\t\t\t\t\t\t\t\t\t\t\t\t\t\t\t<\/div>\n\t\t\t\t<\/div>\n\t\t\t\t<div class=\"elementor-element elementor-element-c83796a elementor-widget elementor-widget-heading\" data-id=\"c83796a\" data-element_type=\"widget\" data-widget_type=\"heading.default\">\n\t\t\t\t<div class=\"elementor-widget-container\">\n\t\t\t<h2 class=\"elementor-heading-title elementor-size-default\">Demonstra\u00e7\u00e3o financeira (2021)<\/h2>\t\t<\/div>\n\t\t\t\t<\/div>\n\t\t\t\t<div class=\"elementor-element elementor-element-3da2a82 elementor-widget elementor-widget-text-editor\" data-id=\"3da2a82\" data-element_type=\"widget\" data-widget_type=\"text-editor.default\">\n\t\t\t\t<div class=\"elementor-widget-container\">\n\t\t\t\t\t\t\t<p>Senhores Acionistas: A Planave no cumprimento dos dispositivos Legais e Estatut\u00e1rios, vem submeter \u00e0 aprecia\u00e7\u00e3o de V.Sas., o Balan\u00e7o Patrimonial e as Demonstra\u00e7\u00f5es Financeiras, relativo ao exerc\u00edcio encerrado em 31 de Dezembro de 2021.<\/p>\t\t\t\t\t\t<\/div>\n\t\t\t\t<\/div>\n\t\t\t\t<\/div>\n\t\t<div class=\"elementor-element elementor-element-31dba72 e-con-full e-flex e-con e-child\" data-id=\"31dba72\" data-element_type=\"container\" data-settings=\"{&quot;content_width&quot;:&quot;full&quot;,&quot;background_background&quot;:&quot;classic&quot;}\">\n\t\t\t\t<div class=\"elementor-element elementor-element-d25cc4f elementor-widget elementor-widget-image\" data-id=\"d25cc4f\" data-element_type=\"widget\" data-widget_type=\"image.default\">\n\t\t\t\t<div class=\"elementor-widget-container\">\n\t\t\t\t\t\t\t\t\t\t\t\t\t\t\t\t<a href=\"https:\/\/www.planave.com\/wp-content\/uploads\/2022\/03\/Balanco2020.pdf\" target=\"_blank\">\n\t\t\t\t\t\t\t<img loading=\"lazy\" decoding=\"async\" width=\"665\" height=\"1024\" src=\"https:\/\/www.planave.com\/novo\/wp-content\/uploads\/sites\/3\/2023\/09\/Balanco2020-665x1024-1.jpg\" class=\"attachment-large size-large wp-image-667\" alt=\"\" srcset=\"https:\/\/www.planave.com\/novo\/wp-content\/uploads\/sites\/3\/2023\/09\/Balanco2020-665x1024-1.jpg 665w, https:\/\/www.planave.com\/novo\/wp-content\/uploads\/sites\/3\/2023\/09\/Balanco2020-665x1024-1-195x300.jpg 195w\" sizes=\"auto, (max-width: 665px) 100vw, 665px\" \/>\t\t\t\t\t\t\t\t<\/a>\n\t\t\t\t\t\t\t\t\t\t\t\t\t\t\t<\/div>\n\t\t\t\t<\/div>\n\t\t\t\t<div class=\"elementor-element elementor-element-c7e3aa4 elementor-widget elementor-widget-heading\" data-id=\"c7e3aa4\" data-element_type=\"widget\" data-widget_type=\"heading.default\">\n\t\t\t\t<div class=\"elementor-widget-container\">\n\t\t\t<h2 class=\"elementor-heading-title elementor-size-default\">Demonstra\u00e7\u00e3o financeira (2020)<\/h2>\t\t<\/div>\n\t\t\t\t<\/div>\n\t\t\t\t<div class=\"elementor-element elementor-element-6af782f elementor-widget elementor-widget-text-editor\" data-id=\"6af782f\" data-element_type=\"widget\" data-widget_type=\"text-editor.default\">\n\t\t\t\t<div class=\"elementor-widget-container\">\n\t\t\t\t\t\t\t<p>Senhores Acionistas: A Planave no cumprimento dos dispositivos Legais e Estatut\u00e1rios, vem submeter \u00e0 aprecia\u00e7\u00e3o de V.Sas., o Balan\u00e7o Patrimonial, as Demonstra\u00e7\u00f5es Financeiras e o Relat\u00f3rio dos Auditores Independentes, relativo ao exerc\u00edcio encerrado em 31 de Dezembro de 2020.<\/p>\t\t\t\t\t\t<\/div>\n\t\t\t\t<\/div>\n\t\t\t\t<\/div>\n\t\t\t\t\t<\/div>\n\t\t\t\t<\/div>\n\t\t\t\t\t<\/div>\n\t\t\t\t<\/div>\n\t\t\t\t\t<\/div>\n\t\t\t\t<\/div>\n\t\t<div class=\"elementor-element elementor-element-fb4d62e e-flex e-con-boxed e-con e-parent\" data-id=\"fb4d62e\" data-element_type=\"container\" data-settings=\"{&quot;content_width&quot;:&quot;boxed&quot;}\" data-core-v316-plus=\"true\">\n\t\t\t\t\t<div class=\"e-con-inner\">\n\t\t\t\t\t<\/div>\n\t\t\t\t<\/div>\n\t\t\t\t\t\t\t<\/div>\n\t\t","protected":false},"excerpt":{"rendered":"<p>RELAT\u00d3RIOS E BALAN\u00c7OS Demonstra\u00e7\u00e3o financeira (2024) Senhores Acionistas: A Planave no cumprimento dos dispositivos Legais e Estatut\u00e1rios, vem submeter \u00e0 aprecia\u00e7\u00e3o de V.Sas., o Balan\u00e7o Patrimonial, as Demonstra\u00e7\u00f5es Financeiras e o Relat\u00f3rio dos Auditores Independentes, relativo ao exerc\u00edcio encerrado em 31 de Dezembro de 2024. Demonstra\u00e7\u00e3o financeira (2023) Senhores Acionistas: A Planave no cumprimento dos &hellip;<\/p>\n<p class=\"read-more\"> <a class=\"\" href=\"https:\/\/www.planave.com\/novo\/relatorios-e-balancos\/\"> <span class=\"screen-reader-text\">Relat\u00f3rios e Balan\u00e7os<\/span> Leia mais &raquo;<\/a><\/p>\n","protected":false},"author":6,"featured_media":0,"parent":0,"menu_order":0,"comment_status":"closed","ping_status":"closed","template":"","meta":{"site-sidebar-layout":"no-sidebar","site-content-layout":"page-builder","ast-site-content-layout":"","site-content-style":"default","site-sidebar-style":"default","ast-global-header-display":"","ast-banner-title-visibility":"","ast-main-header-display":"","ast-hfb-above-header-display":"","ast-hfb-below-header-display":"","ast-hfb-mobile-header-display":"","site-post-title":"disabled","ast-breadcrumbs-content":"","ast-featured-img":"disabled","footer-sml-layout":"","theme-transparent-header-meta":"","adv-header-id-meta":"","stick-header-meta":"","header-above-stick-meta":"","header-main-stick-meta":"","header-below-stick-meta":"","astra-migrate-meta-layouts":"","footnotes":""},"class_list":["post-665","page","type-page","status-publish","hentry"],"_links":{"self":[{"href":"https:\/\/www.planave.com\/novo\/wp-json\/wp\/v2\/pages\/665","targetHints":{"allow":["GET"]}}],"collection":[{"href":"https:\/\/www.planave.com\/novo\/wp-json\/wp\/v2\/pages"}],"about":[{"href":"https:\/\/www.planave.com\/novo\/wp-json\/wp\/v2\/types\/page"}],"author":[{"embeddable":true,"href":"https:\/\/www.planave.com\/novo\/wp-json\/wp\/v2\/users\/6"}],"replies":[{"embeddable":true,"href":"https:\/\/www.planave.com\/novo\/wp-json\/wp\/v2\/comments?post=665"}],"version-history":[{"count":47,"href":"https:\/\/www.planave.com\/novo\/wp-json\/wp\/v2\/pages\/665\/revisions"}],"predecessor-version":[{"id":2254,"href":"https:\/\/www.planave.com\/novo\/wp-json\/wp\/v2\/pages\/665\/revisions\/2254"}],"wp:attachment":[{"href":"https:\/\/www.planave.com\/novo\/wp-json\/wp\/v2\/media?parent=665"}],"curies":[{"name":"wp","href":"https:\/\/api.w.org\/{rel}","templated":true}]}}