{"id":612,"date":"2023-09-03T23:03:21","date_gmt":"2023-09-04T02:03:21","guid":{"rendered":"https:\/\/www.planave.com\/novo\/?page_id=612"},"modified":"2024-10-22T13:49:48","modified_gmt":"2024-10-22T16:49:48","slug":"compliance","status":"publish","type":"page","link":"https:\/\/www.planave.com\/novo\/compliance\/","title":{"rendered":"Compliance"},"content":{"rendered":"\t\t<div data-elementor-type=\"wp-page\" data-elementor-id=\"612\" class=\"elementor elementor-612\">\n\t\t\t\t\t\t\t<div class=\"elementor-element elementor-element-3ecb287 e-flex e-con-boxed e-con e-parent\" data-id=\"3ecb287\" data-element_type=\"container\" data-settings=\"{&quot;background_background&quot;:&quot;classic&quot;,&quot;content_width&quot;:&quot;boxed&quot;}\" data-core-v316-plus=\"true\">\n\t\t\t\t\t<div class=\"e-con-inner\">\n\t\t\t\t\t<\/div>\n\t\t\t\t<\/div>\n\t\t<div class=\"elementor-element elementor-element-d869370 e-flex e-con-boxed e-con e-parent\" data-id=\"d869370\" data-element_type=\"container\" data-settings=\"{&quot;content_width&quot;:&quot;boxed&quot;}\" data-core-v316-plus=\"true\">\n\t\t\t\t\t<div class=\"e-con-inner\">\n\t\t<div class=\"elementor-element elementor-element-07517dd e-flex e-con-boxed e-con e-child\" data-id=\"07517dd\" data-element_type=\"container\" data-settings=\"{&quot;background_background&quot;:&quot;classic&quot;,&quot;content_width&quot;:&quot;boxed&quot;}\">\n\t\t\t\t\t<div class=\"e-con-inner\">\n\t\t\t\t<div class=\"elementor-element elementor-element-6ae0c38 elementor-widget elementor-widget-heading\" data-id=\"6ae0c38\" data-element_type=\"widget\" data-widget_type=\"heading.default\">\n\t\t\t\t<div class=\"elementor-widget-container\">\n\t\t\t<style>\/*! elementor - v3.16.0 - 20-09-2023 *\/\n.elementor-heading-title{padding:0;margin:0;line-height:1}.elementor-widget-heading .elementor-heading-title[class*=elementor-size-]>a{color:inherit;font-size:inherit;line-height:inherit}.elementor-widget-heading .elementor-heading-title.elementor-size-small{font-size:15px}.elementor-widget-heading .elementor-heading-title.elementor-size-medium{font-size:19px}.elementor-widget-heading .elementor-heading-title.elementor-size-large{font-size:29px}.elementor-widget-heading .elementor-heading-title.elementor-size-xl{font-size:39px}.elementor-widget-heading .elementor-heading-title.elementor-size-xxl{font-size:59px}<\/style><h2 class=\"elementor-heading-title elementor-size-default\">COMPLIANCE<\/h2>\t\t<\/div>\n\t\t\t\t<\/div>\n\t\t<div class=\"elementor-element elementor-element-fb14204 e-flex e-con-boxed e-con e-child\" data-id=\"fb14204\" data-element_type=\"container\" data-settings=\"{&quot;content_width&quot;:&quot;boxed&quot;}\">\n\t\t\t\t\t<div class=\"e-con-inner\">\n\t\t\t\t<div class=\"elementor-element elementor-element-58f3e50 elementor-widget elementor-widget-heading\" data-id=\"58f3e50\" data-element_type=\"widget\" data-widget_type=\"heading.default\">\n\t\t\t\t<div class=\"elementor-widget-container\">\n\t\t\t<h2 class=\"elementor-heading-title elementor-size-default\">PROGRAMA DE INTEGRIDADE DA PLANAVE<\/h2>\t\t<\/div>\n\t\t\t\t<\/div>\n\t\t\t\t<div class=\"elementor-element elementor-element-4add2ab elementor-widget elementor-widget-text-editor\" data-id=\"4add2ab\" data-element_type=\"widget\" data-widget_type=\"text-editor.default\">\n\t\t\t\t<div class=\"elementor-widget-container\">\n\t\t\t<style>\/*! elementor - v3.16.0 - 20-09-2023 *\/\n.elementor-widget-text-editor.elementor-drop-cap-view-stacked .elementor-drop-cap{background-color:#69727d;color:#fff}.elementor-widget-text-editor.elementor-drop-cap-view-framed .elementor-drop-cap{color:#69727d;border:3px solid;background-color:transparent}.elementor-widget-text-editor:not(.elementor-drop-cap-view-default) .elementor-drop-cap{margin-top:8px}.elementor-widget-text-editor:not(.elementor-drop-cap-view-default) .elementor-drop-cap-letter{width:1em;height:1em}.elementor-widget-text-editor .elementor-drop-cap{float:left;text-align:center;line-height:1;font-size:50px}.elementor-widget-text-editor .elementor-drop-cap-letter{display:inline-block}<\/style>\t\t\t\t<p>O Programa de Integridade da Planave consiste no conjunto de procedimentos internos, adequado ao seu perfil de riscos, que tem como objetivo fomentar e manter uma cultura de integridade no ambiente organizacional da empresa, e com as partes com quem se relaciona, assim como prevenir, detectar e sanar:<\/p><p>\u2013 Desvios, fraudes, irregularidades e atos il\u00edcitos praticados contra a administra\u00e7\u00e3o p\u00fablica, nacional ou estrangeira, no \u00e2mbito de processos licitat\u00f3rios, na execu\u00e7\u00e3o de contratos administrativos ou em qualquer intera\u00e7\u00e3o com o setor p\u00fablico, ainda que intermediada por terceiros;<\/p><p>\u2013 A pr\u00e1tica de quaisquer atos que atentem contra os direitos humanos e contra os princ\u00edpios da Planave de diversidade, equidade e inclus\u00e3o, tais como atos de discrimina\u00e7\u00e3o, de ass\u00e9dio moral ou sexual, de uso de trabalho infantil ou an\u00e1logo \u00e0 escravid\u00e3o;<\/p><p>\u2013 Condutas praticadas em preju\u00edzo aos compromissos da Planave de preserva\u00e7\u00e3o do meio ambiente, sustentabilidade, redu\u00e7\u00e3o de emiss\u00f5es de gases do efeito estufa e mitiga\u00e7\u00e3o de consequ\u00eancias das mudan\u00e7as clim\u00e1ticas.<\/p><p>Para tanto, a sua implementa\u00e7\u00e3o observou todos os par\u00e2metros previstos em lei, aliados \u00e0s melhores pr\u00e1ticas de mercado, de modo a assegurar a sua efetividade quanto a estes objetivos.<br \/>Desta forma, o Programa de Integridade da Planave tem como pilares: o apoio irrestrito da alta dire\u00e7\u00e3o, an\u00e1lises de riscos peri\u00f3dicas, documenta\u00e7\u00e3o de Integridade, inst\u00e2ncia interna de compliance, canal de den\u00fancia, controles internos, ades\u00e3o e apoio a iniciativas de integridade empresarial, treinamentos peri\u00f3dicos, medidas disciplinares e monitoramento cont\u00ednuo.<\/p>\t\t\t\t\t\t<\/div>\n\t\t\t\t<\/div>\n\t\t\t\t\t<\/div>\n\t\t\t\t<\/div>\n\t\t<div class=\"elementor-element elementor-element-ce9fc93 e-flex e-con-boxed e-con e-child\" data-id=\"ce9fc93\" data-element_type=\"container\" data-settings=\"{&quot;content_width&quot;:&quot;boxed&quot;}\">\n\t\t\t\t\t<div class=\"e-con-inner\">\n\t\t\t\t<div class=\"elementor-element elementor-element-b4be238 elementor-widget elementor-widget-heading\" data-id=\"b4be238\" data-element_type=\"widget\" data-widget_type=\"heading.default\">\n\t\t\t\t<div class=\"elementor-widget-container\">\n\t\t\t<h2 class=\"elementor-heading-title elementor-size-default\">C\u00d3DIGO DE \u00c9TICA E CONDUTA PLANAVE<\/h2>\t\t<\/div>\n\t\t\t\t<\/div>\n\t\t\t\t<div class=\"elementor-element elementor-element-454e90e elementor-widget elementor-widget-text-editor\" data-id=\"454e90e\" data-element_type=\"widget\" data-widget_type=\"text-editor.default\">\n\t\t\t\t<div class=\"elementor-widget-container\">\n\t\t\t\t\t\t\t<p>No C\u00f3digo de \u00c9tica e Conduta da Planave est\u00e3o detalhadas as pol\u00edticas que devem ser observadas por todas as partes envolvidas na atividade da empresa, tanto para a equipe interna, como prestadores de servi\u00e7o, fornecedores, clientes e parceiros de neg\u00f3cios.<br \/>Sua leitura e entendimento s\u00e3o fundamentais.<\/p><p><a href=\"https:\/\/www.planave.com\/wp-content\/uploads\/2024\/06\/Codigo-de-Etica-e-Conduta-PLANAVE-2.pdf\" target=\"_blank\" rel=\"noopener\">Acesse aqui o C\u00f3digo de \u00c9tica e Conduta da Planave<\/a><\/p>\t\t\t\t\t\t<\/div>\n\t\t\t\t<\/div>\n\t\t\t\t\t<\/div>\n\t\t\t\t<\/div>\n\t\t<div class=\"elementor-element elementor-element-f08d955 e-flex e-con-boxed e-con e-child\" data-id=\"f08d955\" data-element_type=\"container\" data-settings=\"{&quot;content_width&quot;:&quot;boxed&quot;}\">\n\t\t\t\t\t<div class=\"e-con-inner\">\n\t\t\t\t<div class=\"elementor-element elementor-element-84f70ed elementor-widget elementor-widget-heading\" data-id=\"84f70ed\" data-element_type=\"widget\" data-widget_type=\"heading.default\">\n\t\t\t\t<div class=\"elementor-widget-container\">\n\t\t\t<h2 class=\"elementor-heading-title elementor-size-default\">PACTO EMPRESARIAL PELA INTEGRIDADE E CONTRA A CORRUP\u00c7\u00c3O<\/h2>\t\t<\/div>\n\t\t\t\t<\/div>\n\t\t\t\t<div class=\"elementor-element elementor-element-c136a36 elementor-widget elementor-widget-text-editor\" data-id=\"c136a36\" data-element_type=\"widget\" data-widget_type=\"text-editor.default\">\n\t\t\t\t<div class=\"elementor-widget-container\">\n\t\t\t\t\t\t\t<p>A Planave \u00e9 signat\u00e1ria do Pacto Empresarial pela Integridade e Contra a Corrup\u00e7\u00e3o que visa unir empresas com o objetivo de promover um mercado mais \u00edntegro e \u00e9tico e erradicar o suborno e a corrup\u00e7\u00e3o. <br \/><br \/>Ao se tornarem signat\u00e1rias do pacto, as empresas assumem o compromisso de divulgar a legisla\u00e7\u00e3o brasileira anticorrup\u00e7\u00e3o para seus funcion\u00e1rios e stakeholders, a fim de que ela seja cumprida integralmente. <br \/><br \/>Conhe\u00e7a mais em <a href=\"http:\/\/www.empresalimpa.ethos.org.br\/\" target=\"_blank\" rel=\"noopener\">www.empresalimpa.ethos.org.br<\/a><\/p>\t\t\t\t\t\t<\/div>\n\t\t\t\t<\/div>\n\t\t\t\t\t<\/div>\n\t\t\t\t<\/div>\n\t\t<div class=\"elementor-element elementor-element-47662a8 e-flex e-con-boxed e-con e-child\" data-id=\"47662a8\" data-element_type=\"container\" data-settings=\"{&quot;content_width&quot;:&quot;boxed&quot;}\">\n\t\t\t\t\t<div class=\"e-con-inner\">\n\t\t\t\t<div class=\"elementor-element elementor-element-a2a6f44 elementor-widget elementor-widget-heading\" data-id=\"a2a6f44\" data-element_type=\"widget\" data-widget_type=\"heading.default\">\n\t\t\t\t<div class=\"elementor-widget-container\">\n\t\t\t<h2 class=\"elementor-heading-title elementor-size-default\">CANAL DE DEN\u00daNCIA<\/h2>\t\t<\/div>\n\t\t\t\t<\/div>\n\t\t\t\t<div class=\"elementor-element elementor-element-4984e55 elementor-widget elementor-widget-text-editor\" data-id=\"4984e55\" data-element_type=\"widget\" data-widget_type=\"text-editor.default\">\n\t\t\t\t<div class=\"elementor-widget-container\">\n\t\t\t\t\t\t\t<p>O Canal de Den\u00fancia da Planave est\u00e1 dispon\u00edvel para o recebimento de qualquer informa\u00e7\u00e3o que envolta quest\u00f5es de Compliance da empresa. As comunica\u00e7\u00f5es podem ser identificadas, ou an\u00f4nimas, sendo garantido o direito de n\u00e3o retalia\u00e7\u00e3o do denunciante de boa-f\u00e9.<\/p>\t\t\t\t\t\t<\/div>\n\t\t\t\t<\/div>\n\t\t\t\t<div class=\"elementor-element elementor-element-88018bd elementor-widget elementor-widget-wpforms\" data-id=\"88018bd\" data-element_type=\"widget\" data-widget_type=\"wpforms.default\">\n\t\t\t\t<div class=\"elementor-widget-container\">\n\t\t\t<style id=\"wpforms-css-vars-root\">\n\t\t\t\t:root {\n\t\t\t\t\t--wpforms-field-border-radius: 3px;\n--wpforms-field-background-color: #ffffff;\n--wpforms-field-border-color: rgba( 0, 0, 0, 0.25 );\n--wpforms-field-text-color: rgba( 0, 0, 0, 0.7 );\n--wpforms-label-color: rgba( 0, 0, 0, 0.85 );\n--wpforms-label-sublabel-color: rgba( 0, 0, 0, 0.55 );\n--wpforms-label-error-color: #d63637;\n--wpforms-button-border-radius: 3px;\n--wpforms-button-background-color: #066aab;\n--wpforms-button-text-color: #ffffff;\n--wpforms-field-size-input-height: 43px;\n--wpforms-field-size-input-spacing: 15px;\n--wpforms-field-size-font-size: 16px;\n--wpforms-field-size-line-height: 19px;\n--wpforms-field-size-padding-h: 14px;\n--wpforms-field-size-checkbox-size: 16px;\n--wpforms-field-size-sublabel-spacing: 5px;\n--wpforms-field-size-icon-size: 1;\n--wpforms-label-size-font-size: 16px;\n--wpforms-label-size-line-height: 19px;\n--wpforms-label-size-sublabel-font-size: 14px;\n--wpforms-label-size-sublabel-line-height: 17px;\n--wpforms-button-size-font-size: 17px;\n--wpforms-button-size-height: 41px;\n--wpforms-button-size-padding-h: 15px;\n--wpforms-button-size-margin-top: 10px;\n\n\t\t\t\t}\n\t\t\t<\/style><style id=\"wpforms-css-vars-elementor-widget-88018bd\">\n\t\t\t\t.elementor-widget-wpforms.elementor-element-88018bd {\n\t\t\t\t\t--wpforms-field-size-input-height: 43px;\n--wpforms-field-size-input-spacing: 15px;\n--wpforms-field-size-font-size: 16px;\n--wpforms-field-size-line-height: 19px;\n--wpforms-field-size-padding-h: 14px;\n--wpforms-field-size-checkbox-size: 16px;\n--wpforms-field-size-sublabel-spacing: 5px;\n--wpforms-field-size-icon-size: 1;\n--wpforms-label-size-font-size: 16px;\n--wpforms-label-size-line-height: 19px;\n--wpforms-label-size-sublabel-font-size: 14px;\n--wpforms-label-size-sublabel-line-height: 17px;\n--wpforms-button-size-font-size: 17px;\n--wpforms-button-size-height: 41px;\n--wpforms-button-size-padding-h: 15px;\n--wpforms-button-size-margin-top: 10px;\n\n\t\t\t\t}\n\t\t\t<\/style><div class=\"wpforms-container wpforms-container-full wpforms-render-modern\" id=\"wpforms-614\"><form id=\"wpforms-form-614\" class=\"wpforms-validate wpforms-form wpforms-ajax-form\" data-formid=\"614\" method=\"post\" enctype=\"multipart\/form-data\" action=\"\/novo\/wp-json\/wp\/v2\/pages\/612\" data-token=\"8dde83071177e29e77380d6483a0e9b6\"><noscript class=\"wpforms-error-noscript\">Ative o JavaScript no seu navegador para preencher este formul\u00e1rio.<\/noscript><div class=\"wpforms-hidden\" id=\"wpforms-error-noscript\">Ative o JavaScript no seu navegador para preencher este formul\u00e1rio.<\/div><div class=\"wpforms-field-container\"><div id=\"wpforms-614-field_2-container\" class=\"wpforms-field wpforms-field-name\" data-field-id=\"2\"><fieldset><legend class=\"wpforms-field-label\">Nome <span class=\"wpforms-required-label\" aria-hidden=\"true\">*<\/span><\/legend><div class=\"wpforms-field-row wpforms-field-medium\"><div class=\"wpforms-field-row-block wpforms-first wpforms-one-half\"><input type=\"text\" id=\"wpforms-614-field_2\" class=\"wpforms-field-name-first wpforms-field-required\" name=\"wpforms[fields][2][first]\" aria-errormessage=\"wpforms-614-field_2-error\" required><label for=\"wpforms-614-field_2\" class=\"wpforms-field-sublabel after \">Nome<\/label><\/div><div class=\"wpforms-field-row-block wpforms-one-half\"><input type=\"text\" id=\"wpforms-614-field_2-last\" class=\"wpforms-field-name-last wpforms-field-required\" name=\"wpforms[fields][2][last]\" aria-errormessage=\"wpforms-614-field_2-last-error\" required><label for=\"wpforms-614-field_2-last\" class=\"wpforms-field-sublabel after \">Sobrenome<\/label><\/div><\/div><\/fieldset><\/div><div id=\"wpforms-614-field_3-container\" class=\"wpforms-field wpforms-field-email\" data-field-id=\"3\"><label class=\"wpforms-field-label\" for=\"wpforms-614-field_3\">E-mail <span class=\"wpforms-required-label\" aria-hidden=\"true\">*<\/span><\/label><input type=\"email\" id=\"wpforms-614-field_3\" class=\"wpforms-field-medium wpforms-field-required\" name=\"wpforms[fields][3]\" spellcheck=\"false\" aria-errormessage=\"wpforms-614-field_3-error\" required><\/div><div id=\"wpforms-614-field_1-container\" class=\"wpforms-field wpforms-field-textarea\" data-field-id=\"1\"><label class=\"wpforms-field-label\" for=\"wpforms-614-field_1\">Sua den\u00fancia <span class=\"wpforms-required-label\" aria-hidden=\"true\">*<\/span><\/label><textarea id=\"wpforms-614-field_1\" class=\"wpforms-field-medium wpforms-field-required\" name=\"wpforms[fields][1]\" aria-errormessage=\"wpforms-614-field_1-error\" required><\/textarea><\/div><\/div><!-- .wpforms-field-container --><div class=\"wpforms-submit-container\" ><input type=\"hidden\" name=\"wpforms[id]\" value=\"614\"><input type=\"hidden\" name=\"wpforms[author]\" value=\"6\"><button type=\"submit\" name=\"wpforms[submit]\" id=\"wpforms-submit-614\" class=\"wpforms-submit\" data-alt-text=\"Enviando\u2026\" data-submit-text=\"Enviar\" aria-live=\"assertive\" value=\"wpforms-submit\">Enviar<\/button><img loading=\"lazy\" decoding=\"async\" src=\"https:\/\/www.planave.com\/novo\/wp-content\/plugins\/wpforms-lite\/assets\/images\/submit-spin.svg\" class=\"wpforms-submit-spinner\" style=\"display: none;\" width=\"26\" height=\"26\" alt=\"A Carregar\"><\/div><\/form><\/div>  <!-- .wpforms-container -->\t\t<\/div>\n\t\t\t\t<\/div>\n\t\t\t\t\t<\/div>\n\t\t\t\t<\/div>\n\t\t\t\t\t<\/div>\n\t\t\t\t<\/div>\n\t\t\t\t\t<\/div>\n\t\t\t\t<\/div>\n\t\t\t\t\t\t\t<\/div>\n\t\t","protected":false},"excerpt":{"rendered":"<p>COMPLIANCE PROGRAMA DE INTEGRIDADE DA PLANAVE O Programa de Integridade da Planave consiste no conjunto de procedimentos internos, adequado ao seu perfil de riscos, que tem como objetivo fomentar e manter uma cultura de integridade no ambiente organizacional da empresa, e com as partes com quem se relaciona, assim como prevenir, detectar e sanar: \u2013 &hellip;<\/p>\n<p class=\"read-more\"> <a class=\"\" href=\"https:\/\/www.planave.com\/novo\/compliance\/\"> <span class=\"screen-reader-text\">Compliance<\/span> Leia mais &raquo;<\/a><\/p>\n","protected":false},"author":6,"featured_media":0,"parent":0,"menu_order":0,"comment_status":"closed","ping_status":"closed","template":"","meta":{"site-sidebar-layout":"no-sidebar","site-content-layout":"page-builder","ast-site-content-layout":"","site-content-style":"default","site-sidebar-style":"default","ast-global-header-display":"","ast-banner-title-visibility":"","ast-main-header-display":"","ast-hfb-above-header-display":"","ast-hfb-below-header-display":"","ast-hfb-mobile-header-display":"","site-post-title":"disabled","ast-breadcrumbs-content":"","ast-featured-img":"disabled","footer-sml-layout":"","theme-transparent-header-meta":"","adv-header-id-meta":"","stick-header-meta":"","header-above-stick-meta":"","header-main-stick-meta":"","header-below-stick-meta":"","astra-migrate-meta-layouts":"","footnotes":""},"class_list":["post-612","page","type-page","status-publish","hentry"],"_links":{"self":[{"href":"https:\/\/www.planave.com\/novo\/wp-json\/wp\/v2\/pages\/612","targetHints":{"allow":["GET"]}}],"collection":[{"href":"https:\/\/www.planave.com\/novo\/wp-json\/wp\/v2\/pages"}],"about":[{"href":"https:\/\/www.planave.com\/novo\/wp-json\/wp\/v2\/types\/page"}],"author":[{"embeddable":true,"href":"https:\/\/www.planave.com\/novo\/wp-json\/wp\/v2\/users\/6"}],"replies":[{"embeddable":true,"href":"https:\/\/www.planave.com\/novo\/wp-json\/wp\/v2\/comments?post=612"}],"version-history":[{"count":44,"href":"https:\/\/www.planave.com\/novo\/wp-json\/wp\/v2\/pages\/612\/revisions"}],"predecessor-version":[{"id":2155,"href":"https:\/\/www.planave.com\/novo\/wp-json\/wp\/v2\/pages\/612\/revisions\/2155"}],"wp:attachment":[{"href":"https:\/\/www.planave.com\/novo\/wp-json\/wp\/v2\/media?parent=612"}],"curies":[{"name":"wp","href":"https:\/\/api.w.org\/{rel}","templated":true}]}}