{"id":52,"date":"2023-08-23T15:54:21","date_gmt":"2023-08-23T18:54:21","guid":{"rendered":"https:\/\/www.planave.com\/novo\/?page_id=52"},"modified":"2024-12-17T11:53:24","modified_gmt":"2024-12-17T14:53:24","slug":"estudos-portuarios-infraestrutura","status":"publish","type":"page","link":"https:\/\/www.planave.com\/novo\/estudos-portuarios-infraestrutura\/","title":{"rendered":"Estudos Portu\u00e1rios e de Infraestrutura"},"content":{"rendered":"\t\t<div data-elementor-type=\"wp-page\" data-elementor-id=\"52\" class=\"elementor elementor-52\">\n\t\t\t\t\t\t\t<div class=\"elementor-element elementor-element-3c02553 e-flex e-con-boxed e-con e-parent\" data-id=\"3c02553\" data-element_type=\"container\" data-settings=\"{&quot;background_background&quot;:&quot;classic&quot;,&quot;content_width&quot;:&quot;boxed&quot;}\" data-core-v316-plus=\"true\">\n\t\t\t\t\t<div class=\"e-con-inner\">\n\t\t\t\t\t<\/div>\n\t\t\t\t<\/div>\n\t\t<div class=\"elementor-element elementor-element-e8004af e-con-full e-flex e-con e-parent\" data-id=\"e8004af\" data-element_type=\"container\" data-settings=\"{&quot;content_width&quot;:&quot;full&quot;}\" data-core-v316-plus=\"true\">\n\t\t<div class=\"elementor-element elementor-element-efa9eaf e-con-full e-flex e-con e-child\" data-id=\"efa9eaf\" data-element_type=\"container\" data-settings=\"{&quot;background_background&quot;:&quot;classic&quot;,&quot;content_width&quot;:&quot;full&quot;}\">\n\t\t\t\t<div class=\"elementor-element elementor-element-9f51ab9 elementor-widget elementor-widget-heading\" data-id=\"9f51ab9\" data-element_type=\"widget\" data-widget_type=\"heading.default\">\n\t\t\t\t<div class=\"elementor-widget-container\">\n\t\t\t<style>\/*! elementor - v3.16.0 - 20-09-2023 *\/\n.elementor-heading-title{padding:0;margin:0;line-height:1}.elementor-widget-heading .elementor-heading-title[class*=elementor-size-]>a{color:inherit;font-size:inherit;line-height:inherit}.elementor-widget-heading .elementor-heading-title.elementor-size-small{font-size:15px}.elementor-widget-heading .elementor-heading-title.elementor-size-medium{font-size:19px}.elementor-widget-heading .elementor-heading-title.elementor-size-large{font-size:29px}.elementor-widget-heading .elementor-heading-title.elementor-size-xl{font-size:39px}.elementor-widget-heading .elementor-heading-title.elementor-size-xxl{font-size:59px}<\/style><h1 class=\"elementor-heading-title elementor-size-default\">ESTUDOS PORTU\u00c1RIOS E DE INFRAESTRUTURA<\/h1>\t\t<\/div>\n\t\t\t\t<\/div>\n\t\t\t\t<div class=\"elementor-element elementor-element-8ba3b91 elementor-widget elementor-widget-text-editor\" data-id=\"8ba3b91\" data-element_type=\"widget\" data-widget_type=\"text-editor.default\">\n\t\t\t\t<div class=\"elementor-widget-container\">\n\t\t\t<style>\/*! elementor - v3.16.0 - 20-09-2023 *\/\n.elementor-widget-text-editor.elementor-drop-cap-view-stacked .elementor-drop-cap{background-color:#69727d;color:#fff}.elementor-widget-text-editor.elementor-drop-cap-view-framed .elementor-drop-cap{color:#69727d;border:3px solid;background-color:transparent}.elementor-widget-text-editor:not(.elementor-drop-cap-view-default) .elementor-drop-cap{margin-top:8px}.elementor-widget-text-editor:not(.elementor-drop-cap-view-default) .elementor-drop-cap-letter{width:1em;height:1em}.elementor-widget-text-editor .elementor-drop-cap{float:left;text-align:center;line-height:1;font-size:50px}.elementor-widget-text-editor .elementor-drop-cap-letter{display:inline-block}<\/style>\t\t\t\t<p>A PLANAVE \u00e9 refer\u00eancia nacional em engenharia portu\u00e1ria<\/p>\t\t\t\t\t\t<\/div>\n\t\t\t\t<\/div>\n\t\t\t\t<div class=\"elementor-element elementor-element-7cdc5c3 elementor-widget elementor-widget-text-editor\" data-id=\"7cdc5c3\" data-element_type=\"widget\" data-widget_type=\"text-editor.default\">\n\t\t\t\t<div class=\"elementor-widget-container\">\n\t\t\t\t\t\t\t<p><span style=\"font-weight: 400;\">Possui d\u00e9cadas de experi\u00eancia em desenvolvimento de planos diretores (Master Plan) e estudos de viabilidade t\u00e9cnica-econ\u00f4mica (EVTEA) de portos no Brasil e no exterior, atendendo a clientes governamentais e privados.<\/span><\/p><p><span style=\"font-weight: 400;\">Com foco em qualidade, efici\u00eancia, planejamento e rapidez, a PLANAVE conta com o maior acervo t\u00e9cnico do pa\u00eds no setor. Podemos citar aqui:<\/span><\/p>\t\t\t\t\t\t<\/div>\n\t\t\t\t<\/div>\n\t\t<div class=\"elementor-element elementor-element-dfba505 e-con-full e-flex e-con e-child\" data-id=\"dfba505\" data-element_type=\"container\" data-settings=\"{&quot;content_width&quot;:&quot;full&quot;,&quot;background_background&quot;:&quot;classic&quot;}\">\n\t\t\t\t<div class=\"elementor-element elementor-element-5e1eddf elementor-widget__width-initial elementor-align-left elementor-mobile-align-left elementor-icon-list--layout-traditional elementor-list-item-link-full_width elementor-widget elementor-widget-icon-list\" data-id=\"5e1eddf\" data-element_type=\"widget\" data-widget_type=\"icon-list.default\">\n\t\t\t\t<div class=\"elementor-widget-container\">\n\t\t\t<link rel=\"stylesheet\" href=\"https:\/\/www.planave.com\/novo\/wp-content\/uploads\/sites\/3\/elementor\/css\/custom-widget-icon-list.min.css?ver=1696008571\">\t\t<ul class=\"elementor-icon-list-items\">\n\t\t\t\t\t\t\t<li class=\"elementor-icon-list-item\">\n\t\t\t\t\t\t\t\t\t\t\t<span class=\"elementor-icon-list-icon\">\n\t\t\t\t\t\t\t<i aria-hidden=\"true\" class=\"fas fa-check-circle\"><\/i>\t\t\t\t\t\t<\/span>\n\t\t\t\t\t\t\t\t\t\t<span class=\"elementor-icon-list-text\">Planejamento portu\u00e1rio e planos diretores;<\/span>\n\t\t\t\t\t\t\t\t\t<\/li>\n\t\t\t\t\t\t\t\t<li class=\"elementor-icon-list-item\">\n\t\t\t\t\t\t\t\t\t\t\t<span class=\"elementor-icon-list-icon\">\n\t\t\t\t\t\t\t<i aria-hidden=\"true\" class=\"fas fa-check-circle\"><\/i>\t\t\t\t\t\t<\/span>\n\t\t\t\t\t\t\t\t\t\t<span class=\"elementor-icon-list-text\">Estudos de viabilidade t\u00e9cnica, econ\u00f4mica, ambiental e institucional; <\/span>\n\t\t\t\t\t\t\t\t\t<\/li>\n\t\t\t\t\t\t\t\t<li class=\"elementor-icon-list-item\">\n\t\t\t\t\t\t\t\t\t\t\t<span class=\"elementor-icon-list-icon\">\n\t\t\t\t\t\t\t<i aria-hidden=\"true\" class=\"fas fa-check-circle\"><\/i>\t\t\t\t\t\t<\/span>\n\t\t\t\t\t\t\t\t\t\t<span class=\"elementor-icon-list-text\">Desenvolvimento e solu\u00e7\u00f5es: matriz log\u00edstica e transporte e fluxo de cargas; <\/span>\n\t\t\t\t\t\t\t\t\t<\/li>\n\t\t\t\t\t\t\t\t<li class=\"elementor-icon-list-item\">\n\t\t\t\t\t\t\t\t\t\t\t<span class=\"elementor-icon-list-icon\">\n\t\t\t\t\t\t\t<i aria-hidden=\"true\" class=\"fas fa-check-circle\"><\/i>\t\t\t\t\t\t<\/span>\n\t\t\t\t\t\t\t\t\t\t<span class=\"elementor-icon-list-text\">Projetos de Zona de Apoio Log\u00edstico e porto seco;<\/span>\n\t\t\t\t\t\t\t\t\t<\/li>\n\t\t\t\t\t\t\t\t<li class=\"elementor-icon-list-item\">\n\t\t\t\t\t\t\t\t\t\t\t<span class=\"elementor-icon-list-icon\">\n\t\t\t\t\t\t\t<i aria-hidden=\"true\" class=\"fas fa-check-circle\"><\/i>\t\t\t\t\t\t<\/span>\n\t\t\t\t\t\t\t\t\t\t<span class=\"elementor-icon-list-text\">Modelagem de sistemas operacionais de manuseio, armazenamento e distribui\u00e7\u00e3o de cargas.<\/span>\n\t\t\t\t\t\t\t\t\t<\/li>\n\t\t\t\t\t\t<\/ul>\n\t\t\t\t<\/div>\n\t\t\t\t<\/div>\n\t\t<div class=\"elementor-element elementor-element-db40563 e-con-full e-flex e-con e-child\" data-id=\"db40563\" data-element_type=\"container\" data-settings=\"{&quot;content_width&quot;:&quot;full&quot;}\">\n\t\t<div class=\"elementor-element elementor-element-b2fc718 e-con-full e-flex e-con e-child\" data-id=\"b2fc718\" data-element_type=\"container\" data-settings=\"{&quot;content_width&quot;:&quot;full&quot;,&quot;background_background&quot;:&quot;classic&quot;}\">\n\t\t\t\t<div class=\"elementor-element elementor-element-a6ee61d elementor-widget elementor-widget-image\" data-id=\"a6ee61d\" data-element_type=\"widget\" data-widget_type=\"image.default\">\n\t\t\t\t<div class=\"elementor-widget-container\">\n\t\t\t<style>\/*! elementor - v3.16.0 - 20-09-2023 *\/\n.elementor-widget-image{text-align:center}.elementor-widget-image a{display:inline-block}.elementor-widget-image a img[src$=\".svg\"]{width:48px}.elementor-widget-image img{vertical-align:middle;display:inline-block}<\/style>\t\t\t\t\t\t\t\t\t\t\t\t\t<a href=\"https:\/\/www.planave.com\/novo\/wp-content\/uploads\/sites\/3\/2023\/11\/ultracargo1.jpg\">\n\t\t\t\t\t\t\t<img loading=\"lazy\" decoding=\"async\" width=\"800\" height=\"450\" src=\"https:\/\/www.planave.com\/novo\/wp-content\/uploads\/sites\/3\/2023\/11\/ultracargo1.jpg\" class=\"attachment-full size-full wp-image-1658\" alt=\"ultracargo1\" srcset=\"https:\/\/www.planave.com\/novo\/wp-content\/uploads\/sites\/3\/2023\/11\/ultracargo1.jpg 800w, https:\/\/www.planave.com\/novo\/wp-content\/uploads\/sites\/3\/2023\/11\/ultracargo1-300x169.jpg 300w, https:\/\/www.planave.com\/novo\/wp-content\/uploads\/sites\/3\/2023\/11\/ultracargo1-768x432.jpg 768w\" sizes=\"auto, (max-width: 800px) 100vw, 800px\" \/>\t\t\t\t\t\t\t\t<\/a>\n\t\t\t\t\t\t\t\t\t\t\t\t\t\t\t<\/div>\n\t\t\t\t<\/div>\n\t\t\t\t<div class=\"elementor-element elementor-element-4e2f62b elementor-widget elementor-widget-text-editor\" data-id=\"4e2f62b\" data-element_type=\"widget\" data-widget_type=\"text-editor.default\">\n\t\t\t\t<div class=\"elementor-widget-container\">\n\t\t\t\t\t\t\t<p><strong><span style=\"color: #003366;\">ULTRACARGO \u2013 VILA DO CONDE<\/span><\/strong><br \/><span style=\"color: #003366;\">Avalia\u00e7\u00e3o do p\u00eder e estudo de viabilidade t\u00e9cnica, econ\u00f4mica e ambiental -EVETEA, para arrendamento <\/span><br \/><span style=\"color: #003366;\">e constru\u00e7\u00e3o de terminal de gran\u00e9is l\u00edquidos do porto de vila do conde.<\/span><br \/><span style=\"color: #003366;\">Cliente:<\/span> Ultracargo <span style=\"color: #003366;\">| ANO:<\/span> 2011-2012<\/p>\t\t\t\t\t\t<\/div>\n\t\t\t\t<\/div>\n\t\t\t\t<\/div>\n\t\t<div class=\"elementor-element elementor-element-c6b0d45 e-con-full e-flex e-con e-child\" data-id=\"c6b0d45\" data-element_type=\"container\" data-settings=\"{&quot;content_width&quot;:&quot;full&quot;,&quot;background_background&quot;:&quot;classic&quot;}\">\n\t\t\t\t<div class=\"elementor-element elementor-element-9968562 elementor-widget elementor-widget-image\" data-id=\"9968562\" data-element_type=\"widget\" data-widget_type=\"image.default\">\n\t\t\t\t<div class=\"elementor-widget-container\">\n\t\t\t\t\t\t\t\t\t\t\t\t\t\t\t\t<a href=\"https:\/\/www.planave.com\/novo\/wp-content\/uploads\/sites\/3\/2023\/11\/patio-carvao.jpg\">\n\t\t\t\t\t\t\t<img loading=\"lazy\" decoding=\"async\" width=\"800\" height=\"450\" src=\"https:\/\/www.planave.com\/novo\/wp-content\/uploads\/sites\/3\/2023\/11\/patio-carvao.jpg\" class=\"attachment-large size-large wp-image-1653\" alt=\"patio carvao\" srcset=\"https:\/\/www.planave.com\/novo\/wp-content\/uploads\/sites\/3\/2023\/11\/patio-carvao.jpg 800w, https:\/\/www.planave.com\/novo\/wp-content\/uploads\/sites\/3\/2023\/11\/patio-carvao-300x169.jpg 300w, https:\/\/www.planave.com\/novo\/wp-content\/uploads\/sites\/3\/2023\/11\/patio-carvao-768x432.jpg 768w\" sizes=\"auto, (max-width: 800px) 100vw, 800px\" \/>\t\t\t\t\t\t\t\t<\/a>\n\t\t\t\t\t\t\t\t\t\t\t\t\t\t\t<\/div>\n\t\t\t\t<\/div>\n\t\t\t\t<div class=\"elementor-element elementor-element-bee6cdc elementor-widget elementor-widget-text-editor\" data-id=\"bee6cdc\" data-element_type=\"widget\" data-widget_type=\"text-editor.default\">\n\t\t\t\t<div class=\"elementor-widget-container\">\n\t\t\t\t\t\t\t<p><strong><span style=\"color: #003366;\">P\u00c1TIO DE CARV\u00c3O \u2013 CSN<\/span><\/strong><br \/><span style=\"color: #003366;\">Estudo para aumento da capacidade de movimenta\u00e7\u00e3o de carga e adequa\u00e7\u00e3o do TECAR &#8211; Terminal de <\/span><span style=\"color: #003366;\">Carv\u00e3o &#8211; Porto de Itagua\u00ed &#8211; Sepetiba\/RJ.<\/span><br \/><span style=\"color: #003366;\">Cliente:<\/span> CSN <span style=\"color: #003366;\">| Ano:<\/span> 2006<\/p>\t\t\t\t\t\t<\/div>\n\t\t\t\t<\/div>\n\t\t\t\t<\/div>\n\t\t<div class=\"elementor-element elementor-element-2c521d1 e-con-full e-flex e-con e-child\" data-id=\"2c521d1\" data-element_type=\"container\" data-settings=\"{&quot;content_width&quot;:&quot;full&quot;,&quot;background_background&quot;:&quot;classic&quot;}\">\n\t\t\t\t<div class=\"elementor-element elementor-element-1a00f51 elementor-widget elementor-widget-image\" data-id=\"1a00f51\" data-element_type=\"widget\" data-widget_type=\"image.default\">\n\t\t\t\t<div class=\"elementor-widget-container\">\n\t\t\t\t\t\t\t\t\t\t\t\t\t\t\t\t<a href=\"https:\/\/www.planave.com\/novo\/wp-content\/uploads\/sites\/3\/2023\/11\/onca-puma.jpg\">\n\t\t\t\t\t\t\t<img loading=\"lazy\" decoding=\"async\" width=\"800\" height=\"450\" src=\"https:\/\/www.planave.com\/novo\/wp-content\/uploads\/sites\/3\/2023\/11\/onca-puma.jpg\" class=\"attachment-large size-large wp-image-1655\" alt=\"on\u00e7a puma\" srcset=\"https:\/\/www.planave.com\/novo\/wp-content\/uploads\/sites\/3\/2023\/11\/onca-puma.jpg 800w, https:\/\/www.planave.com\/novo\/wp-content\/uploads\/sites\/3\/2023\/11\/onca-puma-300x169.jpg 300w, https:\/\/www.planave.com\/novo\/wp-content\/uploads\/sites\/3\/2023\/11\/onca-puma-768x432.jpg 768w\" sizes=\"auto, (max-width: 800px) 100vw, 800px\" \/>\t\t\t\t\t\t\t\t<\/a>\n\t\t\t\t\t\t\t\t\t\t\t\t\t\t\t<\/div>\n\t\t\t\t<\/div>\n\t\t\t\t<div class=\"elementor-element elementor-element-094c349 elementor-widget elementor-widget-text-editor\" data-id=\"094c349\" data-element_type=\"widget\" data-widget_type=\"text-editor.default\">\n\t\t\t\t<div class=\"elementor-widget-container\">\n\t\t\t\t\t\t\t<p><strong><span style=\"color: #003366;\">ON\u00c7A PUMA<\/span><\/strong><br \/><span style=\"color: #003366;\">Gerenciamento da log\u00edstica, projeto b\u00e1sicos e executivos dos insumos e produtos necess\u00e1rios \u00e0 <\/span><span style=\"color: #003366;\">implanta\u00e7\u00e3o e opera\u00e7\u00e3o do projeto.<\/span><br \/><span style=\"color: #003366;\">Cliente:<\/span> Vale <span style=\"color: #003366;\">| Ano:<\/span> 2006 a 2008<\/p>\t\t\t\t\t\t<\/div>\n\t\t\t\t<\/div>\n\t\t\t\t<\/div>\n\t\t<div class=\"elementor-element elementor-element-683c54b e-con-full e-flex e-con e-child\" data-id=\"683c54b\" data-element_type=\"container\" data-settings=\"{&quot;content_width&quot;:&quot;full&quot;,&quot;background_background&quot;:&quot;classic&quot;}\">\n\t\t\t\t<div class=\"elementor-element elementor-element-3af446d elementor-widget elementor-widget-image\" data-id=\"3af446d\" data-element_type=\"widget\" data-widget_type=\"image.default\">\n\t\t\t\t<div class=\"elementor-widget-container\">\n\t\t\t\t\t\t\t\t\t\t\t\t\t\t\t\t<a href=\"https:\/\/www.planave.com\/novo\/wp-content\/uploads\/sites\/3\/2023\/11\/estudo-transporte.jpg\">\n\t\t\t\t\t\t\t<img loading=\"lazy\" decoding=\"async\" width=\"800\" height=\"450\" src=\"https:\/\/www.planave.com\/novo\/wp-content\/uploads\/sites\/3\/2023\/11\/estudo-transporte.jpg\" class=\"attachment-large size-large wp-image-1654\" alt=\"transporte\" srcset=\"https:\/\/www.planave.com\/novo\/wp-content\/uploads\/sites\/3\/2023\/11\/estudo-transporte.jpg 800w, https:\/\/www.planave.com\/novo\/wp-content\/uploads\/sites\/3\/2023\/11\/estudo-transporte-300x169.jpg 300w, https:\/\/www.planave.com\/novo\/wp-content\/uploads\/sites\/3\/2023\/11\/estudo-transporte-768x432.jpg 768w\" sizes=\"auto, (max-width: 800px) 100vw, 800px\" \/>\t\t\t\t\t\t\t\t<\/a>\n\t\t\t\t\t\t\t\t\t\t\t\t\t\t\t<\/div>\n\t\t\t\t<\/div>\n\t\t\t\t<div class=\"elementor-element elementor-element-77b4724 elementor-widget elementor-widget-text-editor\" data-id=\"77b4724\" data-element_type=\"widget\" data-widget_type=\"text-editor.default\">\n\t\t\t\t<div class=\"elementor-widget-container\">\n\t\t\t\t\t\t\t<p><strong><span style=\"color: #003366;\">ESTUDO DE TRANSPORTE \u2013 MSS<\/span><\/strong><br \/><span style=\"color: #003366;\">Estudo de &#8220;trade-off&#8221; para escoamento do concentrado de cobre &#8211; Par\u00e1.<\/span><br \/><span style=\"color: #003366;\">Cliente:<\/span> Minera\u00e7\u00e3o Serra do Sossego &#8211; MSS (Vale) <span style=\"color: #003366;\">| Ano:<\/span> 2002 a 2003<\/p>\t\t\t\t\t\t<\/div>\n\t\t\t\t<\/div>\n\t\t\t\t<\/div>\n\t\t\t\t<\/div>\n\t\t\t\t<\/div>\n\t\t\t\t<div class=\"elementor-element elementor-element-e77b09d elementor-widget elementor-widget-heading\" data-id=\"e77b09d\" data-element_type=\"widget\" data-widget_type=\"heading.default\">\n\t\t\t\t<div class=\"elementor-widget-container\">\n\t\t\t<h2 class=\"elementor-heading-title elementor-size-default\">Outros Servi\u00e7os:<\/h2>\t\t<\/div>\n\t\t\t\t<\/div>\n\t\t\t\t<div class=\"elementor-element elementor-element-413b985 elementor-align-left elementor-mobile-align-left elementor-icon-list--layout-traditional elementor-list-item-link-full_width elementor-widget elementor-widget-icon-list\" data-id=\"413b985\" data-element_type=\"widget\" data-widget_type=\"icon-list.default\">\n\t\t\t\t<div class=\"elementor-widget-container\">\n\t\t\t\t\t<ul class=\"elementor-icon-list-items\">\n\t\t\t\t\t\t\t<li class=\"elementor-icon-list-item\">\n\t\t\t\t\t\t\t\t\t\t\t<a href=\"https:\/\/www.planave.com\/novo\/petroleo-gas\/\">\n\n\t\t\t\t\t\t\t\t\t\t\t\t<span class=\"elementor-icon-list-icon\">\n\t\t\t\t\t\t\t<i aria-hidden=\"true\" class=\"fas fa-forward\"><\/i>\t\t\t\t\t\t<\/span>\n\t\t\t\t\t\t\t\t\t\t<span class=\"elementor-icon-list-text\">Petr\u00f3leo, G\u00e1s e Ind\u00fastria<\/span>\n\t\t\t\t\t\t\t\t\t\t\t<\/a>\n\t\t\t\t\t\t\t\t\t<\/li>\n\t\t\t\t\t\t\t\t<li class=\"elementor-icon-list-item\">\n\t\t\t\t\t\t\t\t\t\t\t<a href=\"https:\/\/www.planave.com\/novo\/engenharia-portuaria\/\">\n\n\t\t\t\t\t\t\t\t\t\t\t\t<span class=\"elementor-icon-list-icon\">\n\t\t\t\t\t\t\t<i aria-hidden=\"true\" class=\"fas fa-forward\"><\/i>\t\t\t\t\t\t<\/span>\n\t\t\t\t\t\t\t\t\t\t<span class=\"elementor-icon-list-text\">Engenharia Portu\u00e1ria, de Infraestrutura e Estaleiros<\/span>\n\t\t\t\t\t\t\t\t\t\t\t<\/a>\n\t\t\t\t\t\t\t\t\t<\/li>\n\t\t\t\t\t\t\t\t<li class=\"elementor-icon-list-item\">\n\t\t\t\t\t\t\t\t\t\t\t<a href=\"https:\/\/www.planave.com\/novo\/offshore\/\">\n\n\t\t\t\t\t\t\t\t\t\t\t\t<span class=\"elementor-icon-list-icon\">\n\t\t\t\t\t\t\t<i aria-hidden=\"true\" class=\"fas fa-forward\"><\/i>\t\t\t\t\t\t<\/span>\n\t\t\t\t\t\t\t\t\t\t<span class=\"elementor-icon-list-text\">Offshore e Opera\u00e7\u00f5es Mar\u00edtimas<\/span>\n\t\t\t\t\t\t\t\t\t\t\t<\/a>\n\t\t\t\t\t\t\t\t\t<\/li>\n\t\t\t\t\t\t\t\t<li class=\"elementor-icon-list-item\">\n\t\t\t\t\t\t\t\t\t\t\t<a href=\"https:\/\/www.planave.com\/novo\/desenvolvimento-urbano-saneamento\/\">\n\n\t\t\t\t\t\t\t\t\t\t\t\t<span class=\"elementor-icon-list-icon\">\n\t\t\t\t\t\t\t<i aria-hidden=\"true\" class=\"fas fa-forward\"><\/i>\t\t\t\t\t\t<\/span>\n\t\t\t\t\t\t\t\t\t\t<span class=\"elementor-icon-list-text\">Desenvolvimento Urbano e Saneamento<\/span>\n\t\t\t\t\t\t\t\t\t\t\t<\/a>\n\t\t\t\t\t\t\t\t\t<\/li>\n\t\t\t\t\t\t\t\t<li class=\"elementor-icon-list-item\">\n\t\t\t\t\t\t\t\t\t\t\t<a href=\"https:\/\/www.planave.com\/novo\/meio-ambiente\/\">\n\n\t\t\t\t\t\t\t\t\t\t\t\t<span class=\"elementor-icon-list-icon\">\n\t\t\t\t\t\t\t<i aria-hidden=\"true\" class=\"fas fa-forward\"><\/i>\t\t\t\t\t\t<\/span>\n\t\t\t\t\t\t\t\t\t\t<span class=\"elementor-icon-list-text\">Meio Ambiente<\/span>\n\t\t\t\t\t\t\t\t\t\t\t<\/a>\n\t\t\t\t\t\t\t\t\t<\/li>\n\t\t\t\t\t\t<\/ul>\n\t\t\t\t<\/div>\n\t\t\t\t<\/div>\n\t\t\t\t<\/div>\n\t\t<div class=\"elementor-element elementor-element-747387d e-con-full banner-contato-sticky e-flex e-con e-child\" data-id=\"747387d\" data-element_type=\"container\" data-settings=\"{&quot;content_width&quot;:&quot;full&quot;,&quot;background_background&quot;:&quot;classic&quot;}\">\n\t\t\t\t<div class=\"elementor-element elementor-element-eb42fe7 elementor-widget elementor-widget-image\" data-id=\"eb42fe7\" data-element_type=\"widget\" data-widget_type=\"image.default\">\n\t\t\t\t<div class=\"elementor-widget-container\">\n\t\t\t\t\t\t\t\t\t\t\t\t\t\t\t<img loading=\"lazy\" decoding=\"async\" width=\"800\" height=\"450\" src=\"https:\/\/www.planave.com\/novo\/wp-content\/uploads\/sites\/3\/2023\/11\/est-portuarios.jpg\" class=\"attachment-large size-large wp-image-1621\" alt=\"\" srcset=\"https:\/\/www.planave.com\/novo\/wp-content\/uploads\/sites\/3\/2023\/11\/est-portuarios.jpg 800w, https:\/\/www.planave.com\/novo\/wp-content\/uploads\/sites\/3\/2023\/11\/est-portuarios-300x169.jpg 300w, https:\/\/www.planave.com\/novo\/wp-content\/uploads\/sites\/3\/2023\/11\/est-portuarios-768x432.jpg 768w\" sizes=\"auto, (max-width: 800px) 100vw, 800px\" \/>\t\t\t\t\t\t\t\t\t\t\t\t\t\t\t<\/div>\n\t\t\t\t<\/div>\n\t\t\t\t<div class=\"elementor-element elementor-element-a112c90 elementor-widget elementor-widget-heading\" data-id=\"a112c90\" data-element_type=\"widget\" data-widget_type=\"heading.default\">\n\t\t\t\t<div class=\"elementor-widget-container\">\n\t\t\t<h2 class=\"elementor-heading-title elementor-size-default\">Entre em contato<\/h2>\t\t<\/div>\n\t\t\t\t<\/div>\n\t\t\t\t<div class=\"elementor-element elementor-element-7807dc8 elementor-widget elementor-widget-text-editor\" data-id=\"7807dc8\" data-element_type=\"widget\" data-widget_type=\"text-editor.default\">\n\t\t\t\t<div class=\"elementor-widget-container\">\n\t\t\t\t\t\t\t<p>Nossa experiente equipe est\u00e1 pronta para solucionar seus problemas!<\/p>\t\t\t\t\t\t<\/div>\n\t\t\t\t<\/div>\n\t\t\t\t<div class=\"elementor-element elementor-element-74a7fc7 elementor-align-justify elementor-widescreen-align-center elementor-widget__width-initial elementor-mobile-align-justify elementor-tablet-align-justify elementor-widget elementor-widget-button\" data-id=\"74a7fc7\" data-element_type=\"widget\" data-widget_type=\"button.default\">\n\t\t\t\t<div class=\"elementor-widget-container\">\n\t\t\t\t\t<div class=\"elementor-button-wrapper\">\n\t\t\t<a class=\"elementor-button elementor-button-link elementor-size-sm\" href=\"https:\/\/planave.zapof.com\/form\/brM1FN\/planave-s-a-contato\">\n\t\t\t\t\t\t<span class=\"elementor-button-content-wrapper\">\n\t\t\t\t\t\t<span class=\"elementor-button-icon elementor-align-icon-right\">\n\t\t\t\t<i aria-hidden=\"true\" class=\"fas fa-arrow-right\"><\/i>\t\t\t<\/span>\n\t\t\t\t\t\t<span class=\"elementor-button-text\">CONTATO<\/span>\n\t\t<\/span>\n\t\t\t\t\t<\/a>\n\t\t<\/div>\n\t\t\t\t<\/div>\n\t\t\t\t<\/div>\n\t\t\t\t<\/div>\n\t\t\t\t<\/div>\n\t\t\t\t\t\t\t<\/div>\n\t\t","protected":false},"excerpt":{"rendered":"<p>ESTUDOS PORTU\u00c1RIOS E DE INFRAESTRUTURA A PLANAVE \u00e9 refer\u00eancia nacional em engenharia portu\u00e1ria Possui d\u00e9cadas de experi\u00eancia em desenvolvimento de planos diretores (Master Plan) e estudos de viabilidade t\u00e9cnica-econ\u00f4mica (EVTEA) de portos no Brasil e no exterior, atendendo a clientes governamentais e privados. Com foco em qualidade, efici\u00eancia, planejamento e rapidez, a PLANAVE conta com &hellip;<\/p>\n<p class=\"read-more\"> <a class=\"\" href=\"https:\/\/www.planave.com\/novo\/estudos-portuarios-infraestrutura\/\"> <span class=\"screen-reader-text\">Estudos Portu\u00e1rios e de Infraestrutura<\/span> Leia mais &raquo;<\/a><\/p>\n","protected":false},"author":6,"featured_media":0,"parent":0,"menu_order":0,"comment_status":"closed","ping_status":"closed","template":"elementor_theme","meta":{"site-sidebar-layout":"default","site-content-layout":"","ast-site-content-layout":"","site-content-style":"default","site-sidebar-style":"default","ast-global-header-display":"","ast-banner-title-visibility":"","ast-main-header-display":"","ast-hfb-above-header-display":"","ast-hfb-below-header-display":"","ast-hfb-mobile-header-display":"","site-post-title":"","ast-breadcrumbs-content":"","ast-featured-img":"","footer-sml-layout":"","theme-transparent-header-meta":"","adv-header-id-meta":"","stick-header-meta":"","header-above-stick-meta":"","header-main-stick-meta":"","header-below-stick-meta":"","astra-migrate-meta-layouts":"","footnotes":""},"class_list":["post-52","page","type-page","status-publish","hentry"],"_links":{"self":[{"href":"https:\/\/www.planave.com\/novo\/wp-json\/wp\/v2\/pages\/52","targetHints":{"allow":["GET"]}}],"collection":[{"href":"https:\/\/www.planave.com\/novo\/wp-json\/wp\/v2\/pages"}],"about":[{"href":"https:\/\/www.planave.com\/novo\/wp-json\/wp\/v2\/types\/page"}],"author":[{"embeddable":true,"href":"https:\/\/www.planave.com\/novo\/wp-json\/wp\/v2\/users\/6"}],"replies":[{"embeddable":true,"href":"https:\/\/www.planave.com\/novo\/wp-json\/wp\/v2\/comments?post=52"}],"version-history":[{"count":239,"href":"https:\/\/www.planave.com\/novo\/wp-json\/wp\/v2\/pages\/52\/revisions"}],"predecessor-version":[{"id":2181,"href":"https:\/\/www.planave.com\/novo\/wp-json\/wp\/v2\/pages\/52\/revisions\/2181"}],"wp:attachment":[{"href":"https:\/\/www.planave.com\/novo\/wp-json\/wp\/v2\/media?parent=52"}],"curies":[{"name":"wp","href":"https:\/\/api.w.org\/{rel}","templated":true}]}}