{"id":1184,"date":"2023-11-01T14:14:50","date_gmt":"2023-11-01T17:14:50","guid":{"rendered":"https:\/\/www.planave.com\/novo\/?page_id=1184"},"modified":"2024-12-17T11:52:08","modified_gmt":"2024-12-17T14:52:08","slug":"meio-ambiente","status":"publish","type":"page","link":"https:\/\/www.planave.com\/novo\/meio-ambiente\/","title":{"rendered":"Meio Ambiente"},"content":{"rendered":"\t\t<div data-elementor-type=\"wp-page\" data-elementor-id=\"1184\" class=\"elementor elementor-1184\">\n\t\t\t\t\t\t\t<div class=\"elementor-element elementor-element-b98451b e-flex e-con-boxed e-con e-parent\" data-id=\"b98451b\" data-element_type=\"container\" data-settings=\"{&quot;background_background&quot;:&quot;classic&quot;,&quot;content_width&quot;:&quot;boxed&quot;}\" data-core-v316-plus=\"true\">\n\t\t\t\t\t<div class=\"e-con-inner\">\n\t\t\t\t\t<\/div>\n\t\t\t\t<\/div>\n\t\t<div class=\"elementor-element elementor-element-36e8afb e-con-full e-flex e-con e-parent\" data-id=\"36e8afb\" data-element_type=\"container\" data-settings=\"{&quot;content_width&quot;:&quot;full&quot;}\" data-core-v316-plus=\"true\">\n\t\t<div class=\"elementor-element elementor-element-b119587 e-con-full e-flex e-con e-child\" data-id=\"b119587\" data-element_type=\"container\" data-settings=\"{&quot;background_background&quot;:&quot;classic&quot;,&quot;content_width&quot;:&quot;full&quot;}\">\n\t\t\t\t<div class=\"elementor-element elementor-element-515dfe0 elementor-widget elementor-widget-heading\" data-id=\"515dfe0\" data-element_type=\"widget\" data-widget_type=\"heading.default\">\n\t\t\t\t<div class=\"elementor-widget-container\">\n\t\t\t<style>\/*! elementor - v3.16.0 - 20-09-2023 *\/\n.elementor-heading-title{padding:0;margin:0;line-height:1}.elementor-widget-heading .elementor-heading-title[class*=elementor-size-]>a{color:inherit;font-size:inherit;line-height:inherit}.elementor-widget-heading .elementor-heading-title.elementor-size-small{font-size:15px}.elementor-widget-heading .elementor-heading-title.elementor-size-medium{font-size:19px}.elementor-widget-heading .elementor-heading-title.elementor-size-large{font-size:29px}.elementor-widget-heading .elementor-heading-title.elementor-size-xl{font-size:39px}.elementor-widget-heading .elementor-heading-title.elementor-size-xxl{font-size:59px}<\/style><h1 class=\"elementor-heading-title elementor-size-default\">MEIO AMBIENTE<\/h1>\t\t<\/div>\n\t\t\t\t<\/div>\n\t\t\t\t<div class=\"elementor-element elementor-element-4d818f9 elementor-widget elementor-widget-text-editor\" data-id=\"4d818f9\" data-element_type=\"widget\" data-widget_type=\"text-editor.default\">\n\t\t\t\t<div class=\"elementor-widget-container\">\n\t\t\t<style>\/*! elementor - v3.16.0 - 20-09-2023 *\/\n.elementor-widget-text-editor.elementor-drop-cap-view-stacked .elementor-drop-cap{background-color:#69727d;color:#fff}.elementor-widget-text-editor.elementor-drop-cap-view-framed .elementor-drop-cap{color:#69727d;border:3px solid;background-color:transparent}.elementor-widget-text-editor:not(.elementor-drop-cap-view-default) .elementor-drop-cap{margin-top:8px}.elementor-widget-text-editor:not(.elementor-drop-cap-view-default) .elementor-drop-cap-letter{width:1em;height:1em}.elementor-widget-text-editor .elementor-drop-cap{float:left;text-align:center;line-height:1;font-size:50px}.elementor-widget-text-editor .elementor-drop-cap-letter{display:inline-block}<\/style>\t\t\t\t<p><b>Capacita\u00e7\u00e3o em projetos ambientais<\/b><\/p>\t\t\t\t\t\t<\/div>\n\t\t\t\t<\/div>\n\t\t\t\t<div class=\"elementor-element elementor-element-c131b47 elementor-widget elementor-widget-text-editor\" data-id=\"c131b47\" data-element_type=\"widget\" data-widget_type=\"text-editor.default\">\n\t\t\t\t<div class=\"elementor-widget-container\">\n\t\t\t\t\t\t\t<p><span style=\"font-weight: 400;\">A preocupa\u00e7\u00e3o com o meio ambiente \u00e9 um dos aspectos fundamentais da PLANAVE desde a sua funda\u00e7\u00e3o.\u00a0<\/span><\/p><p><span style=\"font-weight: 400;\">Sua equipe possui profissionais capazes de fornecer aos seus clientes solu\u00e7\u00f5es completas e integradas na realiza\u00e7\u00e3o de estudos de viabilidade e projetos, com adequada considera\u00e7\u00e3o das condicionantes t\u00e9cnicas, dos fatores econ\u00f4micos, institucionais e de ordem ambiental.<\/span><\/p><p><span style=\"font-weight: 400;\">Nossos colaboradores possuem experi\u00eancia em estudos e projetos de meio ambiente, com \u00eanfase em ecossistemas aqu\u00e1ticos (costeiros, estuarinos, lagunares e hidrogr\u00e1ficos) e continentais, estando aptos a desenvolver estudos ambientais dos mais variados tipos e a acompanhar empreendimentos em todas as fases de licenciamento junto aos \u00f3rg\u00e3os ambientais governamentais, em todos os n\u00edveis.<\/span><\/p>\t\t\t\t\t\t<\/div>\n\t\t\t\t<\/div>\n\t\t<div class=\"elementor-element elementor-element-d43b0cb e-con-full e-flex e-con e-child\" data-id=\"d43b0cb\" data-element_type=\"container\" data-settings=\"{&quot;content_width&quot;:&quot;full&quot;,&quot;background_background&quot;:&quot;classic&quot;}\">\n\t\t\t\t<div class=\"elementor-element elementor-element-dea5619 elementor-widget__width-initial elementor-align-left elementor-mobile-align-left elementor-icon-list--layout-traditional elementor-list-item-link-full_width elementor-widget elementor-widget-icon-list\" data-id=\"dea5619\" data-element_type=\"widget\" data-widget_type=\"icon-list.default\">\n\t\t\t\t<div class=\"elementor-widget-container\">\n\t\t\t<link rel=\"stylesheet\" href=\"https:\/\/www.planave.com\/novo\/wp-content\/uploads\/sites\/3\/elementor\/css\/custom-widget-icon-list.min.css?ver=1696008571\">\t\t<ul class=\"elementor-icon-list-items\">\n\t\t\t\t\t\t\t<li class=\"elementor-icon-list-item\">\n\t\t\t\t\t\t\t\t\t\t\t<span class=\"elementor-icon-list-icon\">\n\t\t\t\t\t\t\t<i aria-hidden=\"true\" class=\"fas fa-check-circle\"><\/i>\t\t\t\t\t\t<\/span>\n\t\t\t\t\t\t\t\t\t\t<span class=\"elementor-icon-list-text\">Estudos de Impactos Ambientais (EIA\/ RIMA);<\/span>\n\t\t\t\t\t\t\t\t\t<\/li>\n\t\t\t\t\t\t\t\t<li class=\"elementor-icon-list-item\">\n\t\t\t\t\t\t\t\t\t\t\t<span class=\"elementor-icon-list-icon\">\n\t\t\t\t\t\t\t<i aria-hidden=\"true\" class=\"fas fa-check-circle\"><\/i>\t\t\t\t\t\t<\/span>\n\t\t\t\t\t\t\t\t\t\t<span class=\"elementor-icon-list-text\">Programas B\u00e1sico Ambientais: PBA, PCA, Diagn\u00f3sticos e Viabilidade;<\/span>\n\t\t\t\t\t\t\t\t\t<\/li>\n\t\t\t\t\t\t\t\t<li class=\"elementor-icon-list-item\">\n\t\t\t\t\t\t\t\t\t\t\t<span class=\"elementor-icon-list-icon\">\n\t\t\t\t\t\t\t<i aria-hidden=\"true\" class=\"fas fa-check-circle\"><\/i>\t\t\t\t\t\t<\/span>\n\t\t\t\t\t\t\t\t\t\t<span class=\"elementor-icon-list-text\">Assessoria e Supervis\u00e3o em Licenciamento Ambiental e Audi\u00eancias P\u00fablicas;<\/span>\n\t\t\t\t\t\t\t\t\t<\/li>\n\t\t\t\t\t\t\t\t<li class=\"elementor-icon-list-item\">\n\t\t\t\t\t\t\t\t\t\t\t<span class=\"elementor-icon-list-icon\">\n\t\t\t\t\t\t\t<i aria-hidden=\"true\" class=\"fas fa-check-circle\"><\/i>\t\t\t\t\t\t<\/span>\n\t\t\t\t\t\t\t\t\t\t<span class=\"elementor-icon-list-text\">Estudos para An\u00e1lise de Riscos \u2013 AR e APR;<\/span>\n\t\t\t\t\t\t\t\t\t<\/li>\n\t\t\t\t\t\t\t\t<li class=\"elementor-icon-list-item\">\n\t\t\t\t\t\t\t\t\t\t\t<span class=\"elementor-icon-list-icon\">\n\t\t\t\t\t\t\t<i aria-hidden=\"true\" class=\"fas fa-check-circle\"><\/i>\t\t\t\t\t\t<\/span>\n\t\t\t\t\t\t\t\t\t\t<span class=\"elementor-icon-list-text\">Planos de Manejo e Projetos para \u00c1reas de Prote\u00e7\u00e3o Ambiental;<\/span>\n\t\t\t\t\t\t\t\t\t<\/li>\n\t\t\t\t\t\t\t\t<li class=\"elementor-icon-list-item\">\n\t\t\t\t\t\t\t\t\t\t\t<span class=\"elementor-icon-list-icon\">\n\t\t\t\t\t\t\t<i aria-hidden=\"true\" class=\"fas fa-check-circle\"><\/i>\t\t\t\t\t\t<\/span>\n\t\t\t\t\t\t\t\t\t\t<span class=\"elementor-icon-list-text\">Educa\u00e7\u00e3o Ambiental;<\/span>\n\t\t\t\t\t\t\t\t\t<\/li>\n\t\t\t\t\t\t\t\t<li class=\"elementor-icon-list-item\">\n\t\t\t\t\t\t\t\t\t\t\t<span class=\"elementor-icon-list-icon\">\n\t\t\t\t\t\t\t<i aria-hidden=\"true\" class=\"fas fa-check-circle\"><\/i>\t\t\t\t\t\t<\/span>\n\t\t\t\t\t\t\t\t\t\t<span class=\"elementor-icon-list-text\">Engenharia Ambiental;<\/span>\n\t\t\t\t\t\t\t\t\t<\/li>\n\t\t\t\t\t\t\t\t<li class=\"elementor-icon-list-item\">\n\t\t\t\t\t\t\t\t\t\t\t<span class=\"elementor-icon-list-icon\">\n\t\t\t\t\t\t\t<i aria-hidden=\"true\" class=\"fas fa-check-circle\"><\/i>\t\t\t\t\t\t<\/span>\n\t\t\t\t\t\t\t\t\t\t<span class=\"elementor-icon-list-text\">Monitoramento Ambiental;<\/span>\n\t\t\t\t\t\t\t\t\t<\/li>\n\t\t\t\t\t\t\t\t<li class=\"elementor-icon-list-item\">\n\t\t\t\t\t\t\t\t\t\t\t<span class=\"elementor-icon-list-icon\">\n\t\t\t\t\t\t\t<i aria-hidden=\"true\" class=\"fas fa-check-circle\"><\/i>\t\t\t\t\t\t<\/span>\n\t\t\t\t\t\t\t\t\t\t<span class=\"elementor-icon-list-text\">Plano de Resposta a Emerg\u00eancias.<\/span>\n\t\t\t\t\t\t\t\t\t<\/li>\n\t\t\t\t\t\t<\/ul>\n\t\t\t\t<\/div>\n\t\t\t\t<\/div>\n\t\t<div class=\"elementor-element elementor-element-b72a21e e-con-full e-flex e-con e-child\" data-id=\"b72a21e\" data-element_type=\"container\" data-settings=\"{&quot;content_width&quot;:&quot;full&quot;}\">\n\t\t<div class=\"elementor-element elementor-element-a41dd79 e-con-full e-flex e-con e-child\" data-id=\"a41dd79\" data-element_type=\"container\" data-settings=\"{&quot;content_width&quot;:&quot;full&quot;,&quot;background_background&quot;:&quot;classic&quot;}\">\n\t\t\t\t<div class=\"elementor-element elementor-element-dd80e39 elementor-widget elementor-widget-image\" data-id=\"dd80e39\" data-element_type=\"widget\" data-widget_type=\"image.default\">\n\t\t\t\t<div class=\"elementor-widget-container\">\n\t\t\t<style>\/*! elementor - v3.16.0 - 20-09-2023 *\/\n.elementor-widget-image{text-align:center}.elementor-widget-image a{display:inline-block}.elementor-widget-image a img[src$=\".svg\"]{width:48px}.elementor-widget-image img{vertical-align:middle;display:inline-block}<\/style>\t\t\t\t\t\t\t\t\t\t\t\t\t<a href=\"https:\/\/www.planave.com\/novo\/wp-content\/uploads\/sites\/3\/2023\/09\/Meio-Ambiente.jpg\">\n\t\t\t\t\t\t\t<img loading=\"lazy\" decoding=\"async\" width=\"800\" height=\"450\" src=\"https:\/\/www.planave.com\/novo\/wp-content\/uploads\/sites\/3\/2023\/09\/Meio-Ambiente.jpg\" class=\"attachment-large size-large wp-image-423\" alt=\"\" srcset=\"https:\/\/www.planave.com\/novo\/wp-content\/uploads\/sites\/3\/2023\/09\/Meio-Ambiente.jpg 800w, https:\/\/www.planave.com\/novo\/wp-content\/uploads\/sites\/3\/2023\/09\/Meio-Ambiente-300x169.jpg 300w, https:\/\/www.planave.com\/novo\/wp-content\/uploads\/sites\/3\/2023\/09\/Meio-Ambiente-768x432.jpg 768w\" sizes=\"auto, (max-width: 800px) 100vw, 800px\" \/>\t\t\t\t\t\t\t\t<\/a>\n\t\t\t\t\t\t\t\t\t\t\t\t\t\t\t<\/div>\n\t\t\t\t<\/div>\n\t\t\t\t<div class=\"elementor-element elementor-element-434d075 elementor-widget elementor-widget-text-editor\" data-id=\"434d075\" data-element_type=\"widget\" data-widget_type=\"text-editor.default\">\n\t\t\t\t<div class=\"elementor-widget-container\">\n\t\t\t\t\t\t\t<p><span style=\"color: #003366;\"><strong>MANGUINHOS<\/strong><\/span><br \/><span style=\"color: #003366;\">Elabora\u00e7\u00e3o dos Estudos de Impacto Ambiental (EIA) e Relat\u00f3rio de Impacto no Meio Ambiente (RIMA) do <\/span><br \/><span style=\"color: #003366;\">terminal portu\u00e1rio na ba\u00eda de Guanabara.<\/span><br \/><span style=\"color: #003366;\">Cliente:<\/span> <span style=\"color: #171717;\">RPDM &#8211; Refinaria de Manguinhos<\/span> <span style=\"color: #003366;\">|<\/span> <span style=\"color: #003366;\">Ano:<\/span> <span style=\"color: #171717;\">2000-2002<\/span><\/p>\t\t\t\t\t\t<\/div>\n\t\t\t\t<\/div>\n\t\t\t\t<\/div>\n\t\t<div class=\"elementor-element elementor-element-be2fa09 e-con-full e-flex e-con e-child\" data-id=\"be2fa09\" data-element_type=\"container\" data-settings=\"{&quot;content_width&quot;:&quot;full&quot;,&quot;background_background&quot;:&quot;classic&quot;}\">\n\t\t\t\t<div class=\"elementor-element elementor-element-0e9894a elementor-widget elementor-widget-image\" data-id=\"0e9894a\" data-element_type=\"widget\" data-widget_type=\"image.default\">\n\t\t\t\t<div class=\"elementor-widget-container\">\n\t\t\t\t\t\t\t\t\t\t\t\t\t\t\t\t<a href=\"https:\/\/www.planave.com\/novo\/wp-content\/uploads\/sites\/3\/2023\/11\/gasoduto-cabiunas.jpg\">\n\t\t\t\t\t\t\t<img loading=\"lazy\" decoding=\"async\" width=\"800\" height=\"450\" src=\"https:\/\/www.planave.com\/novo\/wp-content\/uploads\/sites\/3\/2023\/11\/gasoduto-cabiunas.jpg\" class=\"attachment-large size-large wp-image-1543\" alt=\"\" srcset=\"https:\/\/www.planave.com\/novo\/wp-content\/uploads\/sites\/3\/2023\/11\/gasoduto-cabiunas.jpg 800w, https:\/\/www.planave.com\/novo\/wp-content\/uploads\/sites\/3\/2023\/11\/gasoduto-cabiunas-300x169.jpg 300w, https:\/\/www.planave.com\/novo\/wp-content\/uploads\/sites\/3\/2023\/11\/gasoduto-cabiunas-768x432.jpg 768w\" sizes=\"auto, (max-width: 800px) 100vw, 800px\" \/>\t\t\t\t\t\t\t\t<\/a>\n\t\t\t\t\t\t\t\t\t\t\t\t\t\t\t<\/div>\n\t\t\t\t<\/div>\n\t\t\t\t<div class=\"elementor-element elementor-element-ced59cf elementor-widget elementor-widget-text-editor\" data-id=\"ced59cf\" data-element_type=\"widget\" data-widget_type=\"text-editor.default\">\n\t\t\t\t<div class=\"elementor-widget-container\">\n\t\t\t\t\t\t\t<p><strong><span style=\"color: #003366;\">GASCAV<\/span><\/strong><br \/><span style=\"color: #003366;\">Elabora\u00e7\u00e3o dos Estudo de Impacto Ambiental (EIA) e Relat\u00f3rio de Impacto no Meio Ambiente (RIMA) do <\/span><br \/><span style=\"color: #003366;\">Gasoduto GASCAV &#8211; Cabi\u00fanas (RJ) \/ Vit\u00f3ria (ES). <\/span><br \/><span style=\"color: #003366;\">Cliente:<\/span> <span style=\"color: #171717;\">PETROBRAS<\/span> <span style=\"color: #003366;\">| Ano:<\/span> <span style=\"color: #171717;\">1997-1999<\/span><\/p>\t\t\t\t\t\t<\/div>\n\t\t\t\t<\/div>\n\t\t\t\t<\/div>\n\t\t<div class=\"elementor-element elementor-element-5b4fe98 e-con-full e-flex e-con e-child\" data-id=\"5b4fe98\" data-element_type=\"container\" data-settings=\"{&quot;content_width&quot;:&quot;full&quot;,&quot;background_background&quot;:&quot;classic&quot;}\">\n\t\t\t\t<div class=\"elementor-element elementor-element-77a8a10 elementor-widget elementor-widget-image\" data-id=\"77a8a10\" data-element_type=\"widget\" data-widget_type=\"image.default\">\n\t\t\t\t<div class=\"elementor-widget-container\">\n\t\t\t\t\t\t\t\t\t\t\t\t\t\t\t\t<a href=\"https:\/\/www.planave.com\/novo\/wp-content\/uploads\/sites\/3\/2023\/11\/terminal-itapoa.jpg\">\n\t\t\t\t\t\t\t<img loading=\"lazy\" decoding=\"async\" width=\"800\" height=\"450\" src=\"https:\/\/www.planave.com\/novo\/wp-content\/uploads\/sites\/3\/2023\/11\/terminal-itapoa.jpg\" class=\"attachment-large size-large wp-image-1546\" alt=\"\" srcset=\"https:\/\/www.planave.com\/novo\/wp-content\/uploads\/sites\/3\/2023\/11\/terminal-itapoa.jpg 800w, https:\/\/www.planave.com\/novo\/wp-content\/uploads\/sites\/3\/2023\/11\/terminal-itapoa-300x169.jpg 300w, https:\/\/www.planave.com\/novo\/wp-content\/uploads\/sites\/3\/2023\/11\/terminal-itapoa-768x432.jpg 768w\" sizes=\"auto, (max-width: 800px) 100vw, 800px\" \/>\t\t\t\t\t\t\t\t<\/a>\n\t\t\t\t\t\t\t\t\t\t\t\t\t\t\t<\/div>\n\t\t\t\t<\/div>\n\t\t\t\t<div class=\"elementor-element elementor-element-5b90ece elementor-widget elementor-widget-text-editor\" data-id=\"5b90ece\" data-element_type=\"widget\" data-widget_type=\"text-editor.default\">\n\t\t\t\t<div class=\"elementor-widget-container\">\n\t\t\t\t\t\t\t<p><strong><span style=\"color: #003366;\">ITAPO\u00c1<\/span><\/strong><br \/><span style=\"color: #003366;\">Elabora\u00e7\u00e3o dos Estudos de Impacto Ambiental (EIA) e Relat\u00f3rio de Impacto no Meio Ambiente (RIMA) do <\/span><br \/><span style=\"color: #003366;\">Terminal Portu\u00e1rio de Itapo\u00e1 \/ SC.<\/span><br \/><span style=\"color: #003366;\">Cliente:<\/span> <span style=\"color: #171717;\">Itapo\u00e1 &#8211; Terminais Portu\u00e1rios LTDA<\/span> <span style=\"color: #003366;\">| Ano:<\/span> <span style=\"color: #171717;\">1996-1997<\/span><\/p>\t\t\t\t\t\t<\/div>\n\t\t\t\t<\/div>\n\t\t\t\t<\/div>\n\t\t<div class=\"elementor-element elementor-element-293aaeb e-con-full e-flex e-con e-child\" data-id=\"293aaeb\" data-element_type=\"container\" data-settings=\"{&quot;content_width&quot;:&quot;full&quot;,&quot;background_background&quot;:&quot;classic&quot;}\">\n\t\t\t\t<div class=\"elementor-element elementor-element-c629398 elementor-widget elementor-widget-image\" data-id=\"c629398\" data-element_type=\"widget\" data-widget_type=\"image.default\">\n\t\t\t\t<div class=\"elementor-widget-container\">\n\t\t\t\t\t\t\t\t\t\t\t\t\t\t\t\t<a href=\"https:\/\/www.planave.com\/novo\/wp-content\/uploads\/sites\/3\/2023\/11\/lagoa-araruama.jpg\">\n\t\t\t\t\t\t\t<img loading=\"lazy\" decoding=\"async\" width=\"800\" height=\"450\" src=\"https:\/\/www.planave.com\/novo\/wp-content\/uploads\/sites\/3\/2023\/11\/lagoa-araruama.jpg\" class=\"attachment-large size-large wp-image-1544\" alt=\"\" srcset=\"https:\/\/www.planave.com\/novo\/wp-content\/uploads\/sites\/3\/2023\/11\/lagoa-araruama.jpg 800w, https:\/\/www.planave.com\/novo\/wp-content\/uploads\/sites\/3\/2023\/11\/lagoa-araruama-300x169.jpg 300w, https:\/\/www.planave.com\/novo\/wp-content\/uploads\/sites\/3\/2023\/11\/lagoa-araruama-768x432.jpg 768w\" sizes=\"auto, (max-width: 800px) 100vw, 800px\" \/>\t\t\t\t\t\t\t\t<\/a>\n\t\t\t\t\t\t\t\t\t\t\t\t\t\t\t<\/div>\n\t\t\t\t<\/div>\n\t\t\t\t<div class=\"elementor-element elementor-element-49364b4 elementor-widget elementor-widget-text-editor\" data-id=\"49364b4\" data-element_type=\"widget\" data-widget_type=\"text-editor.default\">\n\t\t\t\t<div class=\"elementor-widget-container\">\n\t\t\t\t\t\t\t<p><span style=\"color: #003366;\"><strong>EIA\/RIMA LAGOA ARUARUAMA<\/strong><\/span><br \/><span style=\"color: #003366;\">Elabora\u00e7\u00e3o do EIA\/RIMA de obras de recupera\u00e7\u00e3o da Lagoa de Araruama e dos canais de navega\u00e7\u00e3o na <\/span><br \/><span style=\"color: #003366;\">Regi\u00e3o dos Lagos.<\/span><br \/><span style=\"color: #003366;\">Cliente:<\/span> <span style=\"color: #171717;\">SERLA &#8211; Governo do Estado do Rio de Janeiro.<\/span> <span style=\"color: #003366;\">| Ano:<\/span> <span style=\"color: #171717;\">2006-2007<\/span><\/p>\t\t\t\t\t\t<\/div>\n\t\t\t\t<\/div>\n\t\t\t\t<\/div>\n\t\t\t\t<\/div>\n\t\t\t\t<\/div>\n\t\t\t\t<div class=\"elementor-element elementor-element-029626a elementor-widget elementor-widget-heading\" data-id=\"029626a\" data-element_type=\"widget\" data-widget_type=\"heading.default\">\n\t\t\t\t<div class=\"elementor-widget-container\">\n\t\t\t<h2 class=\"elementor-heading-title elementor-size-default\">Outros Servi\u00e7os:<\/h2>\t\t<\/div>\n\t\t\t\t<\/div>\n\t\t\t\t<div class=\"elementor-element elementor-element-e91352c elementor-align-left elementor-mobile-align-left elementor-icon-list--layout-traditional elementor-list-item-link-full_width elementor-widget elementor-widget-icon-list\" data-id=\"e91352c\" data-element_type=\"widget\" data-widget_type=\"icon-list.default\">\n\t\t\t\t<div class=\"elementor-widget-container\">\n\t\t\t\t\t<ul class=\"elementor-icon-list-items\">\n\t\t\t\t\t\t\t<li class=\"elementor-icon-list-item\">\n\t\t\t\t\t\t\t\t\t\t\t<a href=\"https:\/\/www.planave.com\/novo\/estudos-portuarios-infraestrutura\/\">\n\n\t\t\t\t\t\t\t\t\t\t\t\t<span class=\"elementor-icon-list-icon\">\n\t\t\t\t\t\t\t<i aria-hidden=\"true\" class=\"fas fa-forward\"><\/i>\t\t\t\t\t\t<\/span>\n\t\t\t\t\t\t\t\t\t\t<span class=\"elementor-icon-list-text\">Estudos Portu\u00e1rios e de Infraestrutura<\/span>\n\t\t\t\t\t\t\t\t\t\t\t<\/a>\n\t\t\t\t\t\t\t\t\t<\/li>\n\t\t\t\t\t\t\t\t<li class=\"elementor-icon-list-item\">\n\t\t\t\t\t\t\t\t\t\t\t<a href=\"https:\/\/www.planave.com\/novo\/petroleo-gas\/\">\n\n\t\t\t\t\t\t\t\t\t\t\t\t<span class=\"elementor-icon-list-icon\">\n\t\t\t\t\t\t\t<i aria-hidden=\"true\" class=\"fas fa-forward\"><\/i>\t\t\t\t\t\t<\/span>\n\t\t\t\t\t\t\t\t\t\t<span class=\"elementor-icon-list-text\">Petr\u00f3leo, G\u00e1s e Ind\u00fastria<\/span>\n\t\t\t\t\t\t\t\t\t\t\t<\/a>\n\t\t\t\t\t\t\t\t\t<\/li>\n\t\t\t\t\t\t\t\t<li class=\"elementor-icon-list-item\">\n\t\t\t\t\t\t\t\t\t\t\t<a href=\"https:\/\/www.planave.com\/novo\/engenharia-portuaria\/\">\n\n\t\t\t\t\t\t\t\t\t\t\t\t<span class=\"elementor-icon-list-icon\">\n\t\t\t\t\t\t\t<i aria-hidden=\"true\" class=\"fas fa-forward\"><\/i>\t\t\t\t\t\t<\/span>\n\t\t\t\t\t\t\t\t\t\t<span class=\"elementor-icon-list-text\">Engenharia Portu\u00e1ria, de Infraestrutura e Estaleiros <\/span>\n\t\t\t\t\t\t\t\t\t\t\t<\/a>\n\t\t\t\t\t\t\t\t\t<\/li>\n\t\t\t\t\t\t\t\t<li class=\"elementor-icon-list-item\">\n\t\t\t\t\t\t\t\t\t\t\t<a href=\"https:\/\/www.planave.com\/novo\/desenvolvimento-urbano-saneamento\/\">\n\n\t\t\t\t\t\t\t\t\t\t\t\t<span class=\"elementor-icon-list-icon\">\n\t\t\t\t\t\t\t<i aria-hidden=\"true\" class=\"fas fa-forward\"><\/i>\t\t\t\t\t\t<\/span>\n\t\t\t\t\t\t\t\t\t\t<span class=\"elementor-icon-list-text\">Desenvolvimento Urbano e Saneamento<\/span>\n\t\t\t\t\t\t\t\t\t\t\t<\/a>\n\t\t\t\t\t\t\t\t\t<\/li>\n\t\t\t\t\t\t\t\t<li class=\"elementor-icon-list-item\">\n\t\t\t\t\t\t\t\t\t\t\t<a href=\"https:\/\/www.planave.com\/novo\/offshore\/\">\n\n\t\t\t\t\t\t\t\t\t\t\t\t<span class=\"elementor-icon-list-icon\">\n\t\t\t\t\t\t\t<i aria-hidden=\"true\" class=\"fas fa-forward\"><\/i>\t\t\t\t\t\t<\/span>\n\t\t\t\t\t\t\t\t\t\t<span class=\"elementor-icon-list-text\">Offshore e Opera\u00e7\u00f5es Mar\u00edtimas<\/span>\n\t\t\t\t\t\t\t\t\t\t\t<\/a>\n\t\t\t\t\t\t\t\t\t<\/li>\n\t\t\t\t\t\t<\/ul>\n\t\t\t\t<\/div>\n\t\t\t\t<\/div>\n\t\t\t\t<\/div>\n\t\t<div class=\"elementor-element elementor-element-4f4d934 e-con-full banner-contato-sticky e-flex e-con e-child\" data-id=\"4f4d934\" data-element_type=\"container\" data-settings=\"{&quot;content_width&quot;:&quot;full&quot;,&quot;background_background&quot;:&quot;classic&quot;}\">\n\t\t\t\t<div class=\"elementor-element elementor-element-f416dea elementor-widget elementor-widget-image\" data-id=\"f416dea\" data-element_type=\"widget\" data-widget_type=\"image.default\">\n\t\t\t\t<div class=\"elementor-widget-container\">\n\t\t\t\t\t\t\t\t\t\t\t\t\t\t\t<img loading=\"lazy\" decoding=\"async\" width=\"944\" height=\"531\" src=\"https:\/\/www.planave.com\/novo\/wp-content\/uploads\/sites\/3\/2023\/11\/itapoa-944x531-1.jpeg\" class=\"attachment-full size-full wp-image-1534\" alt=\"\" srcset=\"https:\/\/www.planave.com\/novo\/wp-content\/uploads\/sites\/3\/2023\/11\/itapoa-944x531-1.jpeg 944w, https:\/\/www.planave.com\/novo\/wp-content\/uploads\/sites\/3\/2023\/11\/itapoa-944x531-1-300x169.jpeg 300w, https:\/\/www.planave.com\/novo\/wp-content\/uploads\/sites\/3\/2023\/11\/itapoa-944x531-1-768x432.jpeg 768w\" sizes=\"auto, (max-width: 944px) 100vw, 944px\" \/>\t\t\t\t\t\t\t\t\t\t\t\t\t\t\t<\/div>\n\t\t\t\t<\/div>\n\t\t\t\t<div class=\"elementor-element elementor-element-b9cc0a0 elementor-widget elementor-widget-heading\" data-id=\"b9cc0a0\" data-element_type=\"widget\" data-widget_type=\"heading.default\">\n\t\t\t\t<div class=\"elementor-widget-container\">\n\t\t\t<h2 class=\"elementor-heading-title elementor-size-default\">Entre em contato<\/h2>\t\t<\/div>\n\t\t\t\t<\/div>\n\t\t\t\t<div class=\"elementor-element elementor-element-be92fde elementor-widget elementor-widget-text-editor\" data-id=\"be92fde\" data-element_type=\"widget\" data-widget_type=\"text-editor.default\">\n\t\t\t\t<div class=\"elementor-widget-container\">\n\t\t\t\t\t\t\t<p>Nossa experiente equipe est\u00e1 pronta para solucionar seus problemas!<\/p>\t\t\t\t\t\t<\/div>\n\t\t\t\t<\/div>\n\t\t\t\t<div class=\"elementor-element elementor-element-7ad066f elementor-align-justify elementor-widescreen-align-center elementor-widget__width-initial elementor-mobile-align-justify elementor-tablet-align-justify elementor-widget elementor-widget-button\" data-id=\"7ad066f\" data-element_type=\"widget\" data-widget_type=\"button.default\">\n\t\t\t\t<div class=\"elementor-widget-container\">\n\t\t\t\t\t<div class=\"elementor-button-wrapper\">\n\t\t\t<a class=\"elementor-button elementor-button-link elementor-size-sm\" href=\"https:\/\/planave.zapof.com\/form\/brM1FN\/planave-s-a-contato\">\n\t\t\t\t\t\t<span class=\"elementor-button-content-wrapper\">\n\t\t\t\t\t\t<span class=\"elementor-button-icon elementor-align-icon-right\">\n\t\t\t\t<i aria-hidden=\"true\" class=\"fas fa-arrow-right\"><\/i>\t\t\t<\/span>\n\t\t\t\t\t\t<span class=\"elementor-button-text\">CONTATO<\/span>\n\t\t<\/span>\n\t\t\t\t\t<\/a>\n\t\t<\/div>\n\t\t\t\t<\/div>\n\t\t\t\t<\/div>\n\t\t\t\t<\/div>\n\t\t\t\t<\/div>\n\t\t\t\t\t\t\t<\/div>\n\t\t","protected":false},"excerpt":{"rendered":"<p>MEIO AMBIENTE Capacita\u00e7\u00e3o em projetos ambientais A preocupa\u00e7\u00e3o com o meio ambiente \u00e9 um dos aspectos fundamentais da PLANAVE desde a sua funda\u00e7\u00e3o.\u00a0 Sua equipe possui profissionais capazes de fornecer aos seus clientes solu\u00e7\u00f5es completas e integradas na realiza\u00e7\u00e3o de estudos de viabilidade e projetos, com adequada considera\u00e7\u00e3o das condicionantes t\u00e9cnicas, dos fatores econ\u00f4micos, institucionais &hellip;<\/p>\n<p class=\"read-more\"> <a class=\"\" href=\"https:\/\/www.planave.com\/novo\/meio-ambiente\/\"> <span class=\"screen-reader-text\">Meio Ambiente<\/span> Leia mais &raquo;<\/a><\/p>\n","protected":false},"author":6,"featured_media":0,"parent":0,"menu_order":0,"comment_status":"closed","ping_status":"closed","template":"","meta":{"site-sidebar-layout":"no-sidebar","site-content-layout":"","ast-site-content-layout":"full-width-container","site-content-style":"default","site-sidebar-style":"default","ast-global-header-display":"","ast-banner-title-visibility":"","ast-main-header-display":"","ast-hfb-above-header-display":"","ast-hfb-below-header-display":"","ast-hfb-mobile-header-display":"","site-post-title":"disabled","ast-breadcrumbs-content":"","ast-featured-img":"disabled","footer-sml-layout":"","theme-transparent-header-meta":"","adv-header-id-meta":"","stick-header-meta":"","header-above-stick-meta":"","header-main-stick-meta":"","header-below-stick-meta":"","astra-migrate-meta-layouts":"","footnotes":""},"class_list":["post-1184","page","type-page","status-publish","hentry"],"_links":{"self":[{"href":"https:\/\/www.planave.com\/novo\/wp-json\/wp\/v2\/pages\/1184","targetHints":{"allow":["GET"]}}],"collection":[{"href":"https:\/\/www.planave.com\/novo\/wp-json\/wp\/v2\/pages"}],"about":[{"href":"https:\/\/www.planave.com\/novo\/wp-json\/wp\/v2\/types\/page"}],"author":[{"embeddable":true,"href":"https:\/\/www.planave.com\/novo\/wp-json\/wp\/v2\/users\/6"}],"replies":[{"embeddable":true,"href":"https:\/\/www.planave.com\/novo\/wp-json\/wp\/v2\/comments?post=1184"}],"version-history":[{"count":53,"href":"https:\/\/www.planave.com\/novo\/wp-json\/wp\/v2\/pages\/1184\/revisions"}],"predecessor-version":[{"id":2178,"href":"https:\/\/www.planave.com\/novo\/wp-json\/wp\/v2\/pages\/1184\/revisions\/2178"}],"wp:attachment":[{"href":"https:\/\/www.planave.com\/novo\/wp-json\/wp\/v2\/media?parent=1184"}],"curies":[{"name":"wp","href":"https:\/\/api.w.org\/{rel}","templated":true}]}}